{"id":1164,"date":"2023-10-20T14:38:56","date_gmt":"2023-10-20T14:38:56","guid":{"rendered":"https:\/\/www.buztinaga.com\/welcome-to-buztinaga\/"},"modified":"2023-11-09T19:42:37","modified_gmt":"2023-11-09T19:42:37","slug":"welcome-to-buztinaga","status":"publish","type":"page","link":"https:\/\/buztinaga.com\/en\/welcome-to-buztinaga\/","title":{"rendered":"Welcome to Buztinaga"},"content":{"rendered":"<div class=\"wp-bootstrap-blocks-container container-fluid mb-2 col-lg-6\">\n\t\n\n<h2 class=\"wp-block-heading wp-block-heading-footer\" id=\"h-hola\">Hello;<\/h2>\n\n\n\n<p>And welcome to this little corner of culture and history that we want to show you with love and care for all those who want to come and visit us.<\/p>\n\n\n<div class=\"wp-block-image\">\n<figure class=\"alignleft size-full\"><img loading=\"lazy\" decoding=\"async\" width=\"300\" height=\"300\" src=\"https:\/\/buztinaga.com\/wp-content\/uploads\/2023\/10\/SoniaMartin.jpg\" alt=\"Photograph of Sonia Mart&#xED;n\" class=\"wp-image-869\" srcset=\"https:\/\/buztinaga.com\/wp-content\/uploads\/2023\/10\/SoniaMartin.jpg 300w, https:\/\/buztinaga.com\/wp-content\/uploads\/2023\/10\/SoniaMartin-150x150.jpg 150w\" sizes=\"auto, (max-width: 300px) 100vw, 300px\" \/><figcaption class=\"wp-element-caption\">Sonia Mart\u00edn<\/figcaption><\/figure>\n<\/div>\n\n\n<p>I&#8217;m going to introduce myself; My name is Sonia Martin Higuera, president of the <strong>Buztinaga Association for Culture, Arts and Wellbeing.<\/strong><\/p>\n\n\n\n<p>I have an intense and fruitful journey of experiences lived throughout my more than fifty years almost all over the world.<br\/>I am very fortunate because both in my country, Spain as in the United States, Africa and the Middle East; I have had good opportunities both for study and work and I have been able to take them.<\/p>\n\n\n\n<p>In 1990 I obtained the Bachelor of Fine Arts from the Real Academia de San Fernando in Madrid, I am an Aircraft Maintenance Technician with more than seven years&#8217; experience as an Aircraft Mechanic and I am also a commercial aircraft pilot with a flight experience of more than thirty years in four of the five continents.<br\/>I\u2019ve traveled around the world practically in my last thirty years and I still do.<\/p>\n\n\n<div class=\"wp-bootstrap-blocks-container container mb-2 buzti-bloque-texto-gen\">\n\t\n\n<hr class=\"wp-block-separator has-alpha-channel-opacity lis\"\/>\n\n\n<div class=\"wp-bootstrap-blocks-row row\">\n\t\n\n<div class=\"col-12 col-md-4\">\n\t\t\t\n\n<blockquote class=\"wp-block-quote is-layout-flow wp-block-quote-is-layout-flow\">\n<blockquote class=\"wp-block-quote is-layout-flow wp-block-quote-is-layout-flow\">\n<p><\/p>\n<cite>I simply tell them to think like <strong>Leonardo da Vinci<\/strong> and they will understand.<\/cite><\/blockquote>\n<\/blockquote>\n\n\t<\/div>\n\n\n\n<div class=\"col-12 col-md-8\">\n\t\t\t\n\n<p>Many people will wonder why I have traveled such a wide range of studies and knowledge that do not seem to be very common or related if you think about it; and the truth is that yes, many times they ask me that.<br\/>I simply ask you to think like <strong>Leonardo da Vinci<\/strong> and you will understand.<br\/>It is not that I am going to compare myself to this genius of the Renaissance at all, whom I would have loved to know; but it is his way of thinking and understanding life, which has always guided me.<br\/>Knowledge as the best weapon of overcoming and nourishment of the restless spirit.<br\/>I can not deny it; when I like something; I grab it with the teeth of my curiosity and do not let go until I can understand and dissect even the smallest detail or gear that can make it completely understandable to my eyes.<\/p>\n\n\t<\/div>\n\n<\/div>\n\n<\/div>\n\n\n\n<p><\/p>\n\n\n<div class=\"wp-bootstrap-blocks-container container mb-2 buzti-bloque-texto-gen\">\n\t\n\n<hr class=\"wp-block-separator has-alpha-channel-opacity lis\"\/>\n\n\n<div class=\"wp-bootstrap-blocks-row row\">\n\t\n\n<div class=\"col-12 col-md-4\">\n\t\t\t\n\n<blockquote class=\"wp-block-quote is-layout-flow wp-block-quote-is-layout-flow\">\n<blockquote class=\"wp-block-quote is-layout-flow wp-block-quote-is-layout-flow\">\n<p><\/p>\n<cite>My father was a <strong>tireless creator<\/strong> of works with very different techniques<\/cite><\/blockquote>\n\n\n\n<figure class=\"wp-block-image size-full\"><img loading=\"lazy\" decoding=\"async\" width=\"300\" height=\"400\" src=\"https:\/\/buztinaga.com\/wp-content\/uploads\/2023\/10\/MartinSimon.jpg\" alt=\"\" class=\"wp-image-983\" srcset=\"https:\/\/buztinaga.com\/wp-content\/uploads\/2023\/10\/MartinSimon.jpg 300w, https:\/\/buztinaga.com\/wp-content\/uploads\/2023\/10\/MartinSimon-225x300.jpg 225w\" sizes=\"auto, (max-width: 300px) 100vw, 300px\" \/><figcaption class=\"wp-element-caption\">Jos\u00e9 de Mart\u00edn Sim\u00f3n<\/figcaption><\/figure>\n<\/blockquote>\n\n\t<\/div>\n\n\n\n<div class=\"col-12 col-md-8\">\n\t\t\t\n\n<p>Since I have memories of my childhood, I have always been accompanied by the smell of turpentine, oil paintings, wood and freshly coated canvas with rabbit tail and white Spain (very curious name for a white color, considering the immense amount of &#8220;colors&#8221; we have in our land).<\/p>\n\n\n\n<p>All these smells are for me, the smells of a real <em>HOME<\/em>. <\/p>\n\n\n\n<p>I will never feel as warm and comfortable as when I am surrounded by those smells and of course also, the smells of that field of wet moss, with the freshness of the eucalyptus and the pine, and that unmistakable and salty touch that the breeze brings. estuary from the port of Getxo.<\/p>\n\n\n\n<p>My father, <strong>Jos\u00e9 de Mart\u00edn Sim\u00f3n<\/strong> was a great artist whose works can be enjoyed in the <a href=\"https:\/\/buztinaga.com\/en\/the-galery\/\">Buztinaga museum<\/a> when they visit him.<\/p>\n\n\n\n<p><br\/>He was the one who taught me the basic and fundamental concepts of painting, drawing and the knowledge of materials so necessary for their use when using them.<br\/>She taught me to be fearless and curious and not to be afraid of dreams.<br\/>It is to him, to whom I owe all that teaching and knowledge so important to me and I will thank him all my life.<\/p>\n\n\n\n<p>My father was a tireless creator of works with very different techniques, always innovating and investigating new ways of communication through his works.<\/p>\n\n\n\n<p>But there is never &#8220;a one without a two&#8221; and I have to thank and acknowledge the great effort that my mother also made to raise and care for us in very complicated moments where money was scarce and sometimes, there was not.<\/p>\n\n\n\n<p>My mother, Mar\u00eda del Carmen Higuera Casta\u00f1os, is a post-war mother, educated to obey and keep quiet in a home and frankly, it is thanks to her tenacity and sacrifice that we were all able to get ahead in a home that was often sustained by pure &#8220;dreams&#8221;; A home where my father was also able to enjoy a &#8220;balance&#8221; and a peace of mind, which could only be maintained thanks to her tenacity and effort, like that of almost all the mothers of our post-war era and of the end of the twentieth century, and who will never be sufficiently recognized.<\/p>\n\n\n\n<p>It is also thanks to her and the transfer of her works, the works of my father to Buztinaga, the reason why I can realize this great project that means bringing art, music, cinema and gastronomy, among other activities, to all the public who visit us.<\/p>\n\n\t<\/div>\n\n<\/div>\n\n<\/div>\n\n\n<div class=\"wp-bootstrap-blocks-container container mb-2 buzti-bloque-texto-gen\">\n\t\n\n<hr class=\"wp-block-separator has-alpha-channel-opacity lis\"\/>\n\n\n<div class=\"wp-bootstrap-blocks-row row\">\n\t\n\n<div class=\"col-12 col-md-4\">\n\t\t\t\n\n<blockquote class=\"wp-block-quote is-layout-flow wp-block-quote-is-layout-flow\"><div class=\"wp-block-image\">\n<figure class=\"alignleft size-full\"><img loading=\"lazy\" decoding=\"async\" width=\"300\" height=\"300\" src=\"https:\/\/buztinaga.com\/wp-content\/uploads\/2023\/10\/coleccionismo.jpg\" alt=\"\" class=\"wp-image-874\" srcset=\"https:\/\/buztinaga.com\/wp-content\/uploads\/2023\/10\/coleccionismo.jpg 300w, https:\/\/buztinaga.com\/wp-content\/uploads\/2023\/10\/coleccionismo-150x150.jpg 150w\" sizes=\"auto, (max-width: 300px) 100vw, 300px\" \/><figcaption class=\"wp-element-caption\">&#8220;Collecting&#8221;,<\/figcaption><\/figure>\n<\/div><cite>Colecciono <strong>objetos que nos \u201chablan\u201d<\/strong>.<br>Porque todo objeto tiene una procedencia, todo objeto tiene una historia <\/cite><\/blockquote>\n\n\t<\/div>\n\n\n\n<div class=\"col-12 col-md-8\">\n\t\t\t\n\n<p>Over the last thirty years and in many parts of the world, I have also been able to expand my collection of works of art, artifacts and ancient and curious objects, as well as a collection of &#8220;rare&#8221; books and first editions that can hardly be found anywhere on the globe.<\/p>\n\n\n\n<p>For some reason I feel I have to &#8220;preserve&#8221; those objects, books and artifacts created in another century so that they are not lost or destroyed for their lack of &#8220;utility&#8221;.<br\/>I would like people to appreciate that in an earlier time things so simple or complicated depending on their objective; they were created to last a lifetime, to perform a function with rigor and good bill in addition to having a nice and showy design and elegance.<br\/>From a 1905 cash register, to an 1890 horse toy or a Russian-made Cold War spy camera.<br\/>I collect objects that &#8220;speak&#8221; to us.<br\/>Because every object has a provenance, every object has a history and keeps in part that &#8220;aura&#8217; and smell of past times that help us better understand where we come from and the importance of remembering &#8220;<strong>What happened<\/strong>&#8221; in those times.<br\/>The true importance of NOT forgetting our past and our history; to keep the best of us and not to forget the horrors and nightmares that humans are capable of generating; and so that we cannot repeat those barbarities.<\/p>\n\n\t<\/div>\n\n<\/div>\n\n<\/div>\n\n\n\n<p><\/p>\n\n\n\n<p><\/p>\n\n\n\n<hr class=\"wp-block-separator has-alpha-channel-opacity lis\"\/>\n\n\n\n<p><\/p>\n\n\n\n<p>And after briefly describing this goal and the great treasures that both children and adults can find in this small corner of the wonderful <a href=\"https:\/\/www.valledebaztan.com\/\" target=\"_blank\" rel=\"noreferrer noopener nofollow\">Bazt\u00e1n Valley<\/a>It only remains for me to welcome you and wait for you in this, your wonderful space, created with much affection in the hope that you can truly enjoy and learn with us.<br\/>In the <a href=\"https:\/\/buztinaga.com\/en\/buztinaga-the-house-and-its-inhabitants\/\">Buztinaga Palace<\/a>, the house of the Valley for anyone who comes with an open mind and a clean heart; with the true spirit, of a whole LEONARDO.<\/p>\n\n\n<div class=\"wp-block-image\">\n<figure class=\"aligncenter size-full\"><img loading=\"lazy\" decoding=\"async\" width=\"849\" height=\"637\" src=\"https:\/\/buztinaga.com\/wp-content\/uploads\/2023\/10\/IMG_1906.jpg\" alt=\"\" class=\"wp-image-878\" srcset=\"https:\/\/buztinaga.com\/wp-content\/uploads\/2023\/10\/IMG_1906.jpg 849w, https:\/\/buztinaga.com\/wp-content\/uploads\/2023\/10\/IMG_1906-300x225.jpg 300w, https:\/\/buztinaga.com\/wp-content\/uploads\/2023\/10\/IMG_1906-768x576.jpg 768w\" sizes=\"auto, (max-width: 849px) 100vw, 849px\" \/><figcaption class=\"wp-element-caption\">Buztinaga Palace<\/figcaption><\/figure>\n<\/div>\n\n\n<p>I bid you farewell for now&#8230;<br\/>Sincerely;<\/p>\n\n\n\n<p>Sonia Martin Higuera<\/p>\n\n<\/div>\n","protected":false},"excerpt":{"rendered":"<p> [&#8230;]<\/p>\n<p><a class=\"btn btn-secondary understrap-read-more-link\" href=\"https:\/\/buztinaga.com\/en\/welcome-to-buztinaga\/\">Read More&#8230;<span class=\"screen-reader-text\"> from Welcome to Buztinaga<\/span><\/a><\/p>\n","protected":false},"author":2,"featured_media":0,"parent":0,"menu_order":0,"comment_status":"closed","ping_status":"closed","template":"page-templates\/fullwidthpage.php","meta":{"nf_dc_page":"","_monsterinsights_skip_tracking":false,"_monsterinsights_sitenote_active":false,"_monsterinsights_sitenote_note":"","_monsterinsights_sitenote_category":0,"footnotes":""},"class_list":["post-1164","page","type-page","status-publish","hentry"],"yoast_head":"<!-- This site is optimized with the Yoast SEO plugin v27.4 - https:\/\/yoast.com\/product\/yoast-seo-wordpress\/ -->\n<title>Welcome to Buztinaga - Buztinaga<\/title>\n<meta name=\"robots\" content=\"index, follow, max-snippet:-1, max-image-preview:large, max-video-preview:-1\" \/>\n<link rel=\"canonical\" href=\"https:\/\/buztinaga.com\/en\/welcome-to-buztinaga\/\" \/>\n<meta property=\"og:locale\" content=\"en_US\" \/>\n<meta property=\"og:type\" content=\"article\" \/>\n<meta property=\"og:title\" content=\"Welcome to Buztinaga - Buztinaga\" \/>\n<meta property=\"og:description\" content=\"[...]Read More... from Welcome to Buztinaga\" \/>\n<meta property=\"og:url\" content=\"https:\/\/buztinaga.com\/en\/welcome-to-buztinaga\/\" \/>\n<meta property=\"og:site_name\" content=\"Buztinaga\" \/>\n<meta property=\"article:modified_time\" content=\"2023-11-09T19:42:37+00:00\" \/>\n<meta property=\"og:image\" content=\"https:\/\/buztinaga.com\/wp-content\/uploads\/2023\/10\/SoniaMartin.jpg\" \/>\n<meta name=\"twitter:card\" content=\"summary_large_image\" \/>\n<meta name=\"twitter:label1\" content=\"Est. reading time\" \/>\n\t<meta name=\"twitter:data1\" content=\"6 minutes\" \/>\n<script type=\"application\/ld+json\" class=\"yoast-schema-graph\">{\"@context\":\"https:\\\/\\\/schema.org\",\"@graph\":[{\"@type\":\"WebPage\",\"@id\":\"https:\\\/\\\/buztinaga.com\\\/en\\\/welcome-to-buztinaga\\\/\",\"url\":\"https:\\\/\\\/buztinaga.com\\\/en\\\/welcome-to-buztinaga\\\/\",\"name\":\"Welcome to Buztinaga - Buztinaga\",\"isPartOf\":{\"@id\":\"https:\\\/\\\/buztinaga.com\\\/en\\\/#website\"},\"primaryImageOfPage\":{\"@id\":\"https:\\\/\\\/buztinaga.com\\\/en\\\/welcome-to-buztinaga\\\/#primaryimage\"},\"image\":{\"@id\":\"https:\\\/\\\/buztinaga.com\\\/en\\\/welcome-to-buztinaga\\\/#primaryimage\"},\"thumbnailUrl\":\"https:\\\/\\\/buztinaga.com\\\/wp-content\\\/uploads\\\/2023\\\/10\\\/SoniaMartin.jpg\",\"datePublished\":\"2023-10-20T14:38:56+00:00\",\"dateModified\":\"2023-11-09T19:42:37+00:00\",\"breadcrumb\":{\"@id\":\"https:\\\/\\\/buztinaga.com\\\/en\\\/welcome-to-buztinaga\\\/#breadcrumb\"},\"inLanguage\":\"en-US\",\"potentialAction\":[{\"@type\":\"ReadAction\",\"target\":[\"https:\\\/\\\/buztinaga.com\\\/en\\\/welcome-to-buztinaga\\\/\"]}]},{\"@type\":\"ImageObject\",\"inLanguage\":\"en-US\",\"@id\":\"https:\\\/\\\/buztinaga.com\\\/en\\\/welcome-to-buztinaga\\\/#primaryimage\",\"url\":\"https:\\\/\\\/buztinaga.com\\\/wp-content\\\/uploads\\\/2023\\\/10\\\/SoniaMartin.jpg\",\"contentUrl\":\"https:\\\/\\\/buztinaga.com\\\/wp-content\\\/uploads\\\/2023\\\/10\\\/SoniaMartin.jpg\"},{\"@type\":\"BreadcrumbList\",\"@id\":\"https:\\\/\\\/buztinaga.com\\\/en\\\/welcome-to-buztinaga\\\/#breadcrumb\",\"itemListElement\":[{\"@type\":\"ListItem\",\"position\":1,\"name\":\"Home\",\"item\":\"https:\\\/\\\/buztinaga.com\\\/en\\\/\"},{\"@type\":\"ListItem\",\"position\":2,\"name\":\"Welcome to Buztinaga\"}]},{\"@type\":\"WebSite\",\"@id\":\"https:\\\/\\\/buztinaga.com\\\/en\\\/#website\",\"url\":\"https:\\\/\\\/buztinaga.com\\\/en\\\/\",\"name\":\"Buztinaga\",\"description\":\"Asociaci\u00f3n Buztinaga para la Cultura, Las Artes y el Bienestar\",\"publisher\":{\"@id\":\"https:\\\/\\\/buztinaga.com\\\/en\\\/#organization\"},\"potentialAction\":[{\"@type\":\"SearchAction\",\"target\":{\"@type\":\"EntryPoint\",\"urlTemplate\":\"https:\\\/\\\/buztinaga.com\\\/en\\\/?s={search_term_string}\"},\"query-input\":{\"@type\":\"PropertyValueSpecification\",\"valueRequired\":true,\"valueName\":\"search_term_string\"}}],\"inLanguage\":\"en-US\"},{\"@type\":\"Organization\",\"@id\":\"https:\\\/\\\/buztinaga.com\\\/en\\\/#organization\",\"name\":\"Asociaci\u00f3n para la Cultura, las Artes y el Bienestar.\",\"url\":\"https:\\\/\\\/buztinaga.com\\\/en\\\/\",\"logo\":{\"@type\":\"ImageObject\",\"inLanguage\":\"en-US\",\"@id\":\"https:\\\/\\\/buztinaga.com\\\/en\\\/#\\\/schema\\\/logo\\\/image\\\/\",\"url\":\"https:\\\/\\\/buztinaga.com\\\/wp-content\\\/uploads\\\/2023\\\/06\\\/DesignLogo200Siena.png\",\"contentUrl\":\"https:\\\/\\\/buztinaga.com\\\/wp-content\\\/uploads\\\/2023\\\/06\\\/DesignLogo200Siena.png\",\"width\":65,\"height\":97,\"caption\":\"Asociaci\u00f3n para la Cultura, las Artes y el Bienestar.\"},\"image\":{\"@id\":\"https:\\\/\\\/buztinaga.com\\\/en\\\/#\\\/schema\\\/logo\\\/image\\\/\"},\"sameAs\":[\"https:\\\/\\\/www.instagram.com\\\/hicsunt.dracon.es\\\/\"]}]}<\/script>\n<!-- \/ Yoast SEO plugin. -->","yoast_head_json":{"title":"Welcome to Buztinaga - Buztinaga","robots":{"index":"index","follow":"follow","max-snippet":"max-snippet:-1","max-image-preview":"max-image-preview:large","max-video-preview":"max-video-preview:-1"},"canonical":"https:\/\/buztinaga.com\/en\/welcome-to-buztinaga\/","og_locale":"en_US","og_type":"article","og_title":"Welcome to Buztinaga - Buztinaga","og_description":"[...]Read More... from Welcome to Buztinaga","og_url":"https:\/\/buztinaga.com\/en\/welcome-to-buztinaga\/","og_site_name":"Buztinaga","article_modified_time":"2023-11-09T19:42:37+00:00","og_image":[{"url":"https:\/\/buztinaga.com\/wp-content\/uploads\/2023\/10\/SoniaMartin.jpg","type":"","width":"","height":""}],"twitter_card":"summary_large_image","twitter_misc":{"Est. reading time":"6 minutes"},"schema":{"@context":"https:\/\/schema.org","@graph":[{"@type":"WebPage","@id":"https:\/\/buztinaga.com\/en\/welcome-to-buztinaga\/","url":"https:\/\/buztinaga.com\/en\/welcome-to-buztinaga\/","name":"Welcome to Buztinaga - Buztinaga","isPartOf":{"@id":"https:\/\/buztinaga.com\/en\/#website"},"primaryImageOfPage":{"@id":"https:\/\/buztinaga.com\/en\/welcome-to-buztinaga\/#primaryimage"},"image":{"@id":"https:\/\/buztinaga.com\/en\/welcome-to-buztinaga\/#primaryimage"},"thumbnailUrl":"https:\/\/buztinaga.com\/wp-content\/uploads\/2023\/10\/SoniaMartin.jpg","datePublished":"2023-10-20T14:38:56+00:00","dateModified":"2023-11-09T19:42:37+00:00","breadcrumb":{"@id":"https:\/\/buztinaga.com\/en\/welcome-to-buztinaga\/#breadcrumb"},"inLanguage":"en-US","potentialAction":[{"@type":"ReadAction","target":["https:\/\/buztinaga.com\/en\/welcome-to-buztinaga\/"]}]},{"@type":"ImageObject","inLanguage":"en-US","@id":"https:\/\/buztinaga.com\/en\/welcome-to-buztinaga\/#primaryimage","url":"https:\/\/buztinaga.com\/wp-content\/uploads\/2023\/10\/SoniaMartin.jpg","contentUrl":"https:\/\/buztinaga.com\/wp-content\/uploads\/2023\/10\/SoniaMartin.jpg"},{"@type":"BreadcrumbList","@id":"https:\/\/buztinaga.com\/en\/welcome-to-buztinaga\/#breadcrumb","itemListElement":[{"@type":"ListItem","position":1,"name":"Home","item":"https:\/\/buztinaga.com\/en\/"},{"@type":"ListItem","position":2,"name":"Welcome to Buztinaga"}]},{"@type":"WebSite","@id":"https:\/\/buztinaga.com\/en\/#website","url":"https:\/\/buztinaga.com\/en\/","name":"Buztinaga","description":"Asociaci\u00f3n Buztinaga para la Cultura, Las Artes y el Bienestar","publisher":{"@id":"https:\/\/buztinaga.com\/en\/#organization"},"potentialAction":[{"@type":"SearchAction","target":{"@type":"EntryPoint","urlTemplate":"https:\/\/buztinaga.com\/en\/?s={search_term_string}"},"query-input":{"@type":"PropertyValueSpecification","valueRequired":true,"valueName":"search_term_string"}}],"inLanguage":"en-US"},{"@type":"Organization","@id":"https:\/\/buztinaga.com\/en\/#organization","name":"Asociaci\u00f3n para la Cultura, las Artes y el Bienestar.","url":"https:\/\/buztinaga.com\/en\/","logo":{"@type":"ImageObject","inLanguage":"en-US","@id":"https:\/\/buztinaga.com\/en\/#\/schema\/logo\/image\/","url":"https:\/\/buztinaga.com\/wp-content\/uploads\/2023\/06\/DesignLogo200Siena.png","contentUrl":"https:\/\/buztinaga.com\/wp-content\/uploads\/2023\/06\/DesignLogo200Siena.png","width":65,"height":97,"caption":"Asociaci\u00f3n para la Cultura, las Artes y el Bienestar."},"image":{"@id":"https:\/\/buztinaga.com\/en\/#\/schema\/logo\/image\/"},"sameAs":["https:\/\/www.instagram.com\/hicsunt.dracon.es\/"]}]}},"_links":{"self":[{"href":"https:\/\/buztinaga.com\/en\/wp-json\/wp\/v2\/pages\/1164","targetHints":{"allow":["GET"]}}],"collection":[{"href":"https:\/\/buztinaga.com\/en\/wp-json\/wp\/v2\/pages"}],"about":[{"href":"https:\/\/buztinaga.com\/en\/wp-json\/wp\/v2\/types\/page"}],"author":[{"embeddable":true,"href":"https:\/\/buztinaga.com\/en\/wp-json\/wp\/v2\/users\/2"}],"replies":[{"embeddable":true,"href":"https:\/\/buztinaga.com\/en\/wp-json\/wp\/v2\/comments?post=1164"}],"version-history":[{"count":5,"href":"https:\/\/buztinaga.com\/en\/wp-json\/wp\/v2\/pages\/1164\/revisions"}],"predecessor-version":[{"id":1750,"href":"https:\/\/buztinaga.com\/en\/wp-json\/wp\/v2\/pages\/1164\/revisions\/1750"}],"wp:attachment":[{"href":"https:\/\/buztinaga.com\/en\/wp-json\/wp\/v2\/media?parent=1164"}],"curies":[{"name":"wp","href":"https:\/\/api.w.org\/{rel}","templated":true}]}}