{"id":1162,"date":"2023-10-20T14:38:56","date_gmt":"2023-10-20T14:38:56","guid":{"rendered":"https:\/\/www.buztinaga.com\/ongi-etorri-buztinagara\/"},"modified":"2023-11-09T19:41:48","modified_gmt":"2023-11-09T19:41:48","slug":"ongi-etorri-buztinagara","status":"publish","type":"page","link":"https:\/\/buztinaga.com\/eu\/ongi-etorri-buztinagara\/","title":{"rendered":"Ongi etorri Buztinagara"},"content":{"rendered":"<div class=\"wp-bootstrap-blocks-container container-fluid mb-2 col-lg-6\">\n\t\n\n<h2 class=\"wp-block-heading wp-block-heading-footer\" id=\"h-hola\">Kaixo<\/h2>\n\n\n\n<p>Eta ongi etorriak kultura eta historia txoko txiki honetara, bisita egin nahi diguzuenontzat maitasun eta kontu handiz erakutsi nahi dizueguna.<\/p>\n\n\n<div class=\"wp-block-image\">\n<figure class=\"alignleft size-full\"><img loading=\"lazy\" decoding=\"async\" width=\"300\" height=\"300\" src=\"https:\/\/buztinaga.com\/wp-content\/uploads\/2023\/10\/SoniaMartin.jpg\" alt=\"Sonia Martinen argazkia\" class=\"wp-image-869\" srcset=\"https:\/\/buztinaga.com\/wp-content\/uploads\/2023\/10\/SoniaMartin.jpg 300w, https:\/\/buztinaga.com\/wp-content\/uploads\/2023\/10\/SoniaMartin-150x150.jpg 150w\" sizes=\"auto, (max-width: 300px) 100vw, 300px\" \/><figcaption class=\"wp-element-caption\">Sonia Mart\u00edn<\/figcaption><\/figure>\n<\/div>\n\n\n<p>Nire burua aurkeztuko dut; Nire izena Sonia Martin Higuera da, <strong>Buztinaga Kultura, Arte eta Ongizate Elkarteko<\/strong> presidentea.<\/p>\n\n\n\n<p>Berrogeita hamar urte baino gehiagotan ia mundu osoan zehar bizitako esperientzien ibilbide bizi eta emankorra dut.<br\/>Zorionekoa naiz, nire herrialdean, Espainian, Estatu Batuetan, Afrikan eta Ekialde Ertainean aukera onak izan ditudalako ikasteko eta lan egiteko, eta aprobetxatu ahal izan ditudalako.<\/p>\n\n\n\n<p>1990ean Arte Ederretako Lizentziatura lortu nuen Madrilgo San Fernando Errege Akademian, aireontzien mantentze-lanetako teknikaria naiz, hegazkinen mekanikari gisa zazpi urte baino gehiagoko esperientzia dut, eta hegazkinen pilotu komertziala ere banaiz, bost kontinenteetako lautan hogeita hamar urte baino gehiagoko hegaldi-esperientzia daukana.<br\/>Ia mundu guztia zeharkatu dut nire azken hogeita hamar urteetan, eta horretan jarraitzen dut.<\/p>\n\n\n<div class=\"wp-bootstrap-blocks-container container mb-2 buzti-bloque-texto-gen\">\n\t\n\n<hr class=\"wp-block-separator has-alpha-channel-opacity lis\"\/>\n\n\n<div class=\"wp-bootstrap-blocks-row row\">\n\t\n\n<div class=\"col-12 col-md-4\">\n\t\t\t\n\n<blockquote class=\"wp-block-quote is-layout-flow wp-block-quote-is-layout-flow\">\n<blockquote class=\"wp-block-quote is-layout-flow wp-block-quote-is-layout-flow\">\n<p><\/p>\n<cite>Besterik gabe, <strong>Leonardo da Vinci<\/strong> bezala pentsatzeko esaten diet eta ulertuko dute.<\/cite><\/blockquote>\n<\/blockquote>\n\n\t<\/div>\n\n\n\n<div class=\"col-12 col-md-8\">\n\t\t\t\n\n<p>Jende askok galdetuko dio bere buruari, hain ikasketa eta ezagutza ugaritan ibili naizelako, non ez baitirudi oso arruntak edo antzekoak direnik pentsatzen baduzu; eta, egia esan, bai, askotan hori galdetzen didate.<br\/>Nik erantzuten dizuet <strong>Leonardo da Vincik<\/strong> bezala pentsatzeko eta ulertuko duzue.<br\/>Ez naiz Errenazimentuko jeinu horrekin konparatuko, hura ezagutzea poztuko zitzaidakeen arren; baina bizitza pentsatzeko eta ulertzeko duen moduak gidatu nau beti.<br\/>Ezagutza, izpiritu urduriaren gainditze- eta elikatze-armarik onena.<br\/>Ezin dut ukatu; zerbait gustatzen zaidanean; Nire jakin-minaren hortzekin hartzen dut eta ez dut askatzen nire begientzat guztiz ulergarria izan daitekeen xehetasunik edo engranajerik txikiena ere ulertu eta disekzionatu arte.<\/p>\n\n\t<\/div>\n\n<\/div>\n\n<\/div>\n\n\n\n<p><\/p>\n\n\n<div class=\"wp-bootstrap-blocks-container container mb-2 buzti-bloque-texto-gen\">\n\t\n\n<hr class=\"wp-block-separator has-alpha-channel-opacity lis\"\/>\n\n\n<div class=\"wp-bootstrap-blocks-row row\">\n\t\n\n<div class=\"col-12 col-md-4\">\n\t\t\t\n\n<blockquote class=\"wp-block-quote is-layout-flow wp-block-quote-is-layout-flow\">\n<blockquote class=\"wp-block-quote is-layout-flow wp-block-quote-is-layout-flow\">\n<p><\/p>\n<cite>Nire aita oso teknika ezberdinetako lanen <strong>sortzaile nekaezina<\/strong> izan zen<\/cite><\/blockquote>\n\n\n\n<figure class=\"wp-block-image size-full\"><img loading=\"lazy\" decoding=\"async\" width=\"300\" height=\"400\" src=\"https:\/\/buztinaga.com\/wp-content\/uploads\/2023\/10\/MartinSimon.jpg\" alt=\"\" class=\"wp-image-983\" srcset=\"https:\/\/buztinaga.com\/wp-content\/uploads\/2023\/10\/MartinSimon.jpg 300w, https:\/\/buztinaga.com\/wp-content\/uploads\/2023\/10\/MartinSimon-225x300.jpg 225w\" sizes=\"auto, (max-width: 300px) 100vw, 300px\" \/><figcaption class=\"wp-element-caption\">Jos\u00e9 de Mart\u00edn Sim\u00f3n<\/figcaption><\/figure>\n<\/blockquote>\n\n\t<\/div>\n\n\n\n<div class=\"col-12 col-md-8\">\n\t\t\t\n\n<p>Haurtzaroko oroitzapenak ditudanez geroztik, trementina usaina, olio-pinturak, egurra eta mihise gomaztatu berriak izan ditut beti lagun untxi-buztanarekin eta Espainia zuriarekin (izen oso bitxia kolore zuri batentzat, gure lurraldean dugun &#8220;kolore&#8221; kopuru ikaragarria kontuan hartuta).<\/p>\n\n\n\n<p>Usain horiek guztiak dira niretzat, benetako <em>ETXE<\/em> baten usainak. <\/p>\n\n\n\n<p>Inoiz ez naiz sentituko usain horiek inguratuta nagoenean bezain epel eta eroso eta, noski, goroldio busti horren usainak, eukaliptoaren eta pinuaren freskotasunarekin, eta haizeak dakarren ukitu nahastezin eta gazi horrekin. Getxoko portutik itsasadarra.<\/p>\n\n\n\n<p>Nire aita, <strong>Jos\u00e9 de Mart\u00edn Sim\u00f3n<\/strong>, artista handia izan zen, eta haren obrak <a href=\"https:\/\/buztinaga.com\/eu\/galeria\/\">Buztinaga museoan<\/a> ikusi ahal izango dituzte bisitatzen dutenean.<\/p>\n\n\n\n<p><br\/>Berak irakatsi zizkidan pinturaren, marrazketaren eta materialen oinarrizko eta funtsezko kontzeptuak, horiek erabiltzeko hain beharrezkoa den ezagutza.<br\/>Ausart eta bitxi jokatzen eta ametsen beldur ez izaten irakatsi zidan.<br\/>Berari zor dizkiot niretzat hain garrantzitsuak diren irakaskuntza eta ezagutza horiek, eta bizitza osoan eskertuko diot.<\/p>\n\n\n\n<p>Nire aita teknika oso desberdinetako lanen sortzaile nekaezina izan zen, beti berrikuntzak eginez eta bere lanen bidez komunikazio bide berriak ikertuz.<\/p>\n\n\n\n<p>Baina inoiz ez dago &#8220;bat bi barik&#8221;, eta eskerrak eman eta aitortu behar dut nire amak ere ahalegin handia egin zuela gu hezteko eta gu artatzeko, oso une zailetan, non dirua urria zen, eta batzuetan ez zegoen.<\/p>\n\n\n\n<p>Nire ama, Mar\u00eda del Carmen Higuera Casta\u00f1os; gerraosteko ama bat da, etxe batean obeditzeko eta isiltzeko hezia, eta egia esan, bere kemenari eta sakrifizioari esker atera ahal izan ginen denok aurrera, askotan &#8220;amets&#8221; hutsetatik sostengatzen zen etxe batean; gure aitak ere &#8220;oreka&#8221; eta sosegua gozatu ahal izan zituen etxe batean, nahiz eta haren kemen eta ahalegin horri esker bakarrik iraun ahal izan; gerraosteko gure garaia eta hogeigarren mendearen bukaerakoa, eta inoiz ez dira behar adina aitortuko.<\/p>\n\n\n\n<p>Berari esker eta bere lanak, nire aitaren lanak, Buztinagari lagatzeagatik, egin dezaket proiektu handi hau, Artea, musika, zinema eta gastronomia, besteak beste, bisitatzen gaituen publiko guztiari gerturatzeko.<\/p>\n\n\t<\/div>\n\n<\/div>\n\n<\/div>\n\n\n<div class=\"wp-bootstrap-blocks-container container mb-2 buzti-bloque-texto-gen\">\n\t\n\n<hr class=\"wp-block-separator has-alpha-channel-opacity lis\"\/>\n\n\n<div class=\"wp-bootstrap-blocks-row row\">\n\t\n\n<div class=\"col-12 col-md-4\">\n\t\t\t\n\n<blockquote class=\"wp-block-quote is-layout-flow wp-block-quote-is-layout-flow\"><div class=\"wp-block-image\">\n<figure class=\"alignleft size-full\"><img loading=\"lazy\" decoding=\"async\" width=\"300\" height=\"300\" src=\"https:\/\/buztinaga.com\/wp-content\/uploads\/2023\/10\/coleccionismo.jpg\" alt=\"\" class=\"wp-image-874\" srcset=\"https:\/\/buztinaga.com\/wp-content\/uploads\/2023\/10\/coleccionismo.jpg 300w, https:\/\/buztinaga.com\/wp-content\/uploads\/2023\/10\/coleccionismo-150x150.jpg 150w\" sizes=\"auto, (max-width: 300px) 100vw, 300px\" \/><figcaption class=\"wp-element-caption\">&#8220;Bilketa&#8221;,<\/figcaption><\/figure>\n<\/div><cite>Colecciono <strong>objetos que nos \u201chablan\u201d<\/strong>.<br>Porque todo objeto tiene una procedencia, todo objeto tiene una historia <\/cite><\/blockquote>\n\n\t<\/div>\n\n\n\n<div class=\"col-12 col-md-8\">\n\t\t\t\n\n<p>Azken hogeita hamar urte hauetan eta munduko leku askotan, nire artelan, tramankulu eta objektu zahar eta bitxien bilduma ere handitu ahal izan dut, baita liburu &#8220;arraroen&#8221; eta lehen argitalpenen bilduma ere, munduko inon aurki ezin daitezkeenak.<\/p>\n\n\n\n<p>Arrazoiren batengatik, beste mende batean sortutako objektu, liburu eta tramankulu horiek &#8220;zaindu&#8221; behar ditudala sentitzen dut, &#8220;erabilgarritasunik&#8221; ezagatik gal edo suntsi ez daitezen.<br\/>Nahi nuke pertsonek ikusi ahal izatea aurreko garai batean hain sinpleak edo konplikatuak ziren gauzak, beren helburuaren arabera; bizitza osorako sortzen ziren, funtzio bat zorroztasunez eta itxura onez egiteko, eta diseinu eta dotorezia atsegina eta ikusgarria izateko.<br\/>1905eko kutxa erregistratzaile batetik, 1890eko zaldi-jostailu batera edo gerra hotzeko errusiar fabrikazioko kamera espioi batera.<br\/>&#8220;Hitz egiten&#8221; diguten objektuak biltzen ditut.<br\/>Izan ere, objektu orok jatorri bat du, objektu orok historia bat du eta garai bateko &#8220;aura&#8221; eta usain hori gordetzen du neurri batean, nondik gatozen hobeto ulertzen laguntzen diguna eta garai horietan &#8220;<strong>gertatzen dena<\/strong>&#8221; gogoratzearen garrantzia.<br\/>Gure iragana eta historia EZ ahaztearen benetako garrantzia; gure onena gordetzeko eta gizakiak sor ditzakeen izugarrikeriak eta amesgaiztoak ez ahazteko; eta astakeria horiek errepika ez ditzagun.<\/p>\n\n\t<\/div>\n\n<\/div>\n\n<\/div>\n\n\n\n<p><\/p>\n\n\n\n<p><\/p>\n\n\n\n<hr class=\"wp-block-separator has-alpha-channel-opacity lis\"\/>\n\n\n\n<p><\/p>\n\n\n\n<p>Eta labur-labur deskribatu ondoren helburu hau eta haur zein helduek txoko zoragarri honetan aurki ditzakezuen altxor handiak. <a href=\"https:\/\/www.valledebaztan.com\/\" target=\"_blank\" rel=\"noreferrer noopener nofollow\">Baztan bailara<\/a>Ongi etorria ematea besterik ez zait geratzen, eta zuen zain egotea, zuen espazio zoragarri honetan, benetan gozatu eta gurekin ikasi ahal izango duzuelakoan maitasunez sortutako espazio horretan.<br\/><a href=\"https:\/\/buztinaga.com\/eu\/buztinaga-etxea-eta-bertako-biztanleak\/\">Buztinaga Jauregian<\/a>, Haraneko etxea, buru irekiarekin eta bihotz garbiarekin datorrenarentzat; benetako espirituarekin, LEONARDO oso batena.<\/p>\n\n\n<div class=\"wp-block-image\">\n<figure class=\"aligncenter size-full\"><img loading=\"lazy\" decoding=\"async\" width=\"849\" height=\"637\" src=\"https:\/\/buztinaga.com\/wp-content\/uploads\/2023\/10\/IMG_1906.jpg\" alt=\"\" class=\"wp-image-878\" srcset=\"https:\/\/buztinaga.com\/wp-content\/uploads\/2023\/10\/IMG_1906.jpg 849w, https:\/\/buztinaga.com\/wp-content\/uploads\/2023\/10\/IMG_1906-300x225.jpg 300w, https:\/\/buztinaga.com\/wp-content\/uploads\/2023\/10\/IMG_1906-768x576.jpg 768w\" sizes=\"auto, (max-width: 849px) 100vw, 849px\" \/><figcaption class=\"wp-element-caption\">Buztinaga jauregia<\/figcaption><\/figure>\n<\/div>\n\n\n<p>Agurtzen zaituztet oraingoz&#8230;<br\/>Adeitasunez<\/p>\n\n\n\n<p>Sonia Martin Higuera<\/p>\n\n<\/div>\n","protected":false},"excerpt":{"rendered":"<p> [&#8230;]<\/p>\n<p><a class=\"btn btn-secondary understrap-read-more-link\" href=\"https:\/\/buztinaga.com\/eu\/ongi-etorri-buztinagara\/\">Read More&#8230;<span class=\"screen-reader-text\"> from Ongi etorri Buztinagara<\/span><\/a><\/p>\n","protected":false},"author":2,"featured_media":0,"parent":0,"menu_order":0,"comment_status":"closed","ping_status":"closed","template":"page-templates\/fullwidthpage.php","meta":{"nf_dc_page":"","_monsterinsights_skip_tracking":false,"_monsterinsights_sitenote_active":false,"_monsterinsights_sitenote_note":"","_monsterinsights_sitenote_category":0,"footnotes":""},"class_list":["post-1162","page","type-page","status-publish","hentry"],"yoast_head":"<!-- This site is optimized with the Yoast SEO plugin v27.4 - https:\/\/yoast.com\/product\/yoast-seo-wordpress\/ -->\n<title>Ongi etorri Buztinagara - Buztinaga<\/title>\n<meta name=\"robots\" content=\"index, follow, max-snippet:-1, max-image-preview:large, max-video-preview:-1\" \/>\n<link rel=\"canonical\" href=\"https:\/\/buztinaga.com\/eu\/ongi-etorri-buztinagara\/\" \/>\n<meta property=\"og:locale\" content=\"eu_ES\" \/>\n<meta property=\"og:type\" content=\"article\" \/>\n<meta property=\"og:title\" content=\"Ongi etorri Buztinagara - Buztinaga\" \/>\n<meta property=\"og:description\" content=\"[...]Read More... from Ongi etorri Buztinagara\" \/>\n<meta property=\"og:url\" content=\"https:\/\/buztinaga.com\/eu\/ongi-etorri-buztinagara\/\" \/>\n<meta property=\"og:site_name\" content=\"Buztinaga\" \/>\n<meta property=\"article:modified_time\" content=\"2023-11-09T19:41:48+00:00\" \/>\n<meta property=\"og:image\" content=\"https:\/\/buztinaga.com\/wp-content\/uploads\/2023\/10\/SoniaMartin.jpg\" \/>\n<meta name=\"twitter:card\" content=\"summary_large_image\" \/>\n<meta name=\"twitter:label1\" content=\"Est. reading time\" \/>\n\t<meta name=\"twitter:data1\" content=\"4 minutes\" \/>\n<script type=\"application\/ld+json\" class=\"yoast-schema-graph\">{\"@context\":\"https:\\\/\\\/schema.org\",\"@graph\":[{\"@type\":\"WebPage\",\"@id\":\"https:\\\/\\\/buztinaga.com\\\/eu\\\/ongi-etorri-buztinagara\\\/\",\"url\":\"https:\\\/\\\/buztinaga.com\\\/eu\\\/ongi-etorri-buztinagara\\\/\",\"name\":\"Ongi etorri Buztinagara - Buztinaga\",\"isPartOf\":{\"@id\":\"https:\\\/\\\/buztinaga.com\\\/eu\\\/#website\"},\"primaryImageOfPage\":{\"@id\":\"https:\\\/\\\/buztinaga.com\\\/eu\\\/ongi-etorri-buztinagara\\\/#primaryimage\"},\"image\":{\"@id\":\"https:\\\/\\\/buztinaga.com\\\/eu\\\/ongi-etorri-buztinagara\\\/#primaryimage\"},\"thumbnailUrl\":\"https:\\\/\\\/buztinaga.com\\\/wp-content\\\/uploads\\\/2023\\\/10\\\/SoniaMartin.jpg\",\"datePublished\":\"2023-10-20T14:38:56+00:00\",\"dateModified\":\"2023-11-09T19:41:48+00:00\",\"breadcrumb\":{\"@id\":\"https:\\\/\\\/buztinaga.com\\\/eu\\\/ongi-etorri-buztinagara\\\/#breadcrumb\"},\"inLanguage\":\"eu-ES\",\"potentialAction\":[{\"@type\":\"ReadAction\",\"target\":[\"https:\\\/\\\/buztinaga.com\\\/eu\\\/ongi-etorri-buztinagara\\\/\"]}]},{\"@type\":\"ImageObject\",\"inLanguage\":\"eu-ES\",\"@id\":\"https:\\\/\\\/buztinaga.com\\\/eu\\\/ongi-etorri-buztinagara\\\/#primaryimage\",\"url\":\"https:\\\/\\\/buztinaga.com\\\/wp-content\\\/uploads\\\/2023\\\/10\\\/SoniaMartin.jpg\",\"contentUrl\":\"https:\\\/\\\/buztinaga.com\\\/wp-content\\\/uploads\\\/2023\\\/10\\\/SoniaMartin.jpg\"},{\"@type\":\"BreadcrumbList\",\"@id\":\"https:\\\/\\\/buztinaga.com\\\/eu\\\/ongi-etorri-buztinagara\\\/#breadcrumb\",\"itemListElement\":[{\"@type\":\"ListItem\",\"position\":1,\"name\":\"Home\",\"item\":\"https:\\\/\\\/buztinaga.com\\\/eu\\\/\"},{\"@type\":\"ListItem\",\"position\":2,\"name\":\"Ongi etorri Buztinagara\"}]},{\"@type\":\"WebSite\",\"@id\":\"https:\\\/\\\/buztinaga.com\\\/eu\\\/#website\",\"url\":\"https:\\\/\\\/buztinaga.com\\\/eu\\\/\",\"name\":\"Buztinaga\",\"description\":\"Asociaci\u00f3n Buztinaga para la Cultura, Las Artes y el Bienestar\",\"publisher\":{\"@id\":\"https:\\\/\\\/buztinaga.com\\\/eu\\\/#organization\"},\"potentialAction\":[{\"@type\":\"SearchAction\",\"target\":{\"@type\":\"EntryPoint\",\"urlTemplate\":\"https:\\\/\\\/buztinaga.com\\\/eu\\\/?s={search_term_string}\"},\"query-input\":{\"@type\":\"PropertyValueSpecification\",\"valueRequired\":true,\"valueName\":\"search_term_string\"}}],\"inLanguage\":\"eu-ES\"},{\"@type\":\"Organization\",\"@id\":\"https:\\\/\\\/buztinaga.com\\\/eu\\\/#organization\",\"name\":\"Asociaci\u00f3n para la Cultura, las Artes y el Bienestar.\",\"url\":\"https:\\\/\\\/buztinaga.com\\\/eu\\\/\",\"logo\":{\"@type\":\"ImageObject\",\"inLanguage\":\"eu-ES\",\"@id\":\"https:\\\/\\\/buztinaga.com\\\/eu\\\/#\\\/schema\\\/logo\\\/image\\\/\",\"url\":\"https:\\\/\\\/buztinaga.com\\\/wp-content\\\/uploads\\\/2023\\\/06\\\/DesignLogo200Siena.png\",\"contentUrl\":\"https:\\\/\\\/buztinaga.com\\\/wp-content\\\/uploads\\\/2023\\\/06\\\/DesignLogo200Siena.png\",\"width\":65,\"height\":97,\"caption\":\"Asociaci\u00f3n para la Cultura, las Artes y el Bienestar.\"},\"image\":{\"@id\":\"https:\\\/\\\/buztinaga.com\\\/eu\\\/#\\\/schema\\\/logo\\\/image\\\/\"},\"sameAs\":[\"https:\\\/\\\/www.instagram.com\\\/hicsunt.dracon.es\\\/\"]}]}<\/script>\n<!-- \/ Yoast SEO plugin. -->","yoast_head_json":{"title":"Ongi etorri Buztinagara - Buztinaga","robots":{"index":"index","follow":"follow","max-snippet":"max-snippet:-1","max-image-preview":"max-image-preview:large","max-video-preview":"max-video-preview:-1"},"canonical":"https:\/\/buztinaga.com\/eu\/ongi-etorri-buztinagara\/","og_locale":"eu_ES","og_type":"article","og_title":"Ongi etorri Buztinagara - Buztinaga","og_description":"[...]Read More... from Ongi etorri Buztinagara","og_url":"https:\/\/buztinaga.com\/eu\/ongi-etorri-buztinagara\/","og_site_name":"Buztinaga","article_modified_time":"2023-11-09T19:41:48+00:00","og_image":[{"url":"https:\/\/buztinaga.com\/wp-content\/uploads\/2023\/10\/SoniaMartin.jpg","type":"","width":"","height":""}],"twitter_card":"summary_large_image","twitter_misc":{"Est. reading time":"4 minutes"},"schema":{"@context":"https:\/\/schema.org","@graph":[{"@type":"WebPage","@id":"https:\/\/buztinaga.com\/eu\/ongi-etorri-buztinagara\/","url":"https:\/\/buztinaga.com\/eu\/ongi-etorri-buztinagara\/","name":"Ongi etorri Buztinagara - Buztinaga","isPartOf":{"@id":"https:\/\/buztinaga.com\/eu\/#website"},"primaryImageOfPage":{"@id":"https:\/\/buztinaga.com\/eu\/ongi-etorri-buztinagara\/#primaryimage"},"image":{"@id":"https:\/\/buztinaga.com\/eu\/ongi-etorri-buztinagara\/#primaryimage"},"thumbnailUrl":"https:\/\/buztinaga.com\/wp-content\/uploads\/2023\/10\/SoniaMartin.jpg","datePublished":"2023-10-20T14:38:56+00:00","dateModified":"2023-11-09T19:41:48+00:00","breadcrumb":{"@id":"https:\/\/buztinaga.com\/eu\/ongi-etorri-buztinagara\/#breadcrumb"},"inLanguage":"eu-ES","potentialAction":[{"@type":"ReadAction","target":["https:\/\/buztinaga.com\/eu\/ongi-etorri-buztinagara\/"]}]},{"@type":"ImageObject","inLanguage":"eu-ES","@id":"https:\/\/buztinaga.com\/eu\/ongi-etorri-buztinagara\/#primaryimage","url":"https:\/\/buztinaga.com\/wp-content\/uploads\/2023\/10\/SoniaMartin.jpg","contentUrl":"https:\/\/buztinaga.com\/wp-content\/uploads\/2023\/10\/SoniaMartin.jpg"},{"@type":"BreadcrumbList","@id":"https:\/\/buztinaga.com\/eu\/ongi-etorri-buztinagara\/#breadcrumb","itemListElement":[{"@type":"ListItem","position":1,"name":"Home","item":"https:\/\/buztinaga.com\/eu\/"},{"@type":"ListItem","position":2,"name":"Ongi etorri Buztinagara"}]},{"@type":"WebSite","@id":"https:\/\/buztinaga.com\/eu\/#website","url":"https:\/\/buztinaga.com\/eu\/","name":"Buztinaga","description":"Asociaci\u00f3n Buztinaga para la Cultura, Las Artes y el Bienestar","publisher":{"@id":"https:\/\/buztinaga.com\/eu\/#organization"},"potentialAction":[{"@type":"SearchAction","target":{"@type":"EntryPoint","urlTemplate":"https:\/\/buztinaga.com\/eu\/?s={search_term_string}"},"query-input":{"@type":"PropertyValueSpecification","valueRequired":true,"valueName":"search_term_string"}}],"inLanguage":"eu-ES"},{"@type":"Organization","@id":"https:\/\/buztinaga.com\/eu\/#organization","name":"Asociaci\u00f3n para la Cultura, las Artes y el Bienestar.","url":"https:\/\/buztinaga.com\/eu\/","logo":{"@type":"ImageObject","inLanguage":"eu-ES","@id":"https:\/\/buztinaga.com\/eu\/#\/schema\/logo\/image\/","url":"https:\/\/buztinaga.com\/wp-content\/uploads\/2023\/06\/DesignLogo200Siena.png","contentUrl":"https:\/\/buztinaga.com\/wp-content\/uploads\/2023\/06\/DesignLogo200Siena.png","width":65,"height":97,"caption":"Asociaci\u00f3n para la Cultura, las Artes y el Bienestar."},"image":{"@id":"https:\/\/buztinaga.com\/eu\/#\/schema\/logo\/image\/"},"sameAs":["https:\/\/www.instagram.com\/hicsunt.dracon.es\/"]}]}},"_links":{"self":[{"href":"https:\/\/buztinaga.com\/eu\/wp-json\/wp\/v2\/pages\/1162","targetHints":{"allow":["GET"]}}],"collection":[{"href":"https:\/\/buztinaga.com\/eu\/wp-json\/wp\/v2\/pages"}],"about":[{"href":"https:\/\/buztinaga.com\/eu\/wp-json\/wp\/v2\/types\/page"}],"author":[{"embeddable":true,"href":"https:\/\/buztinaga.com\/eu\/wp-json\/wp\/v2\/users\/2"}],"replies":[{"embeddable":true,"href":"https:\/\/buztinaga.com\/eu\/wp-json\/wp\/v2\/comments?post=1162"}],"version-history":[{"count":4,"href":"https:\/\/buztinaga.com\/eu\/wp-json\/wp\/v2\/pages\/1162\/revisions"}],"predecessor-version":[{"id":1749,"href":"https:\/\/buztinaga.com\/eu\/wp-json\/wp\/v2\/pages\/1162\/revisions\/1749"}],"wp:attachment":[{"href":"https:\/\/buztinaga.com\/eu\/wp-json\/wp\/v2\/media?parent=1162"}],"curies":[{"name":"wp","href":"https:\/\/api.w.org\/{rel}","templated":true}]}}