{"id":1166,"date":"2023-10-20T14:38:56","date_gmt":"2023-10-20T14:38:56","guid":{"rendered":"https:\/\/www.buztinaga.com\/bienvenue-sur-buztinaga\/"},"modified":"2023-11-09T19:43:23","modified_gmt":"2023-11-09T19:43:23","slug":"bienvenue-sur-buztinaga","status":"publish","type":"page","link":"https:\/\/buztinaga.com\/fr\/bienvenue-sur-buztinaga\/","title":{"rendered":"Bienvenue sur Buztinaga"},"content":{"rendered":"<div class=\"wp-bootstrap-blocks-container container-fluid mb-2 col-lg-6\">\n\t\n\n<h2 class=\"wp-block-heading wp-block-heading-footer\" id=\"h-hola\">All\u00f4<\/h2>\n\n\n\n<p>Et bienvenue dans ce petit coin de culture et d\u2019histoire que nous voulons vous montrer avec beaucoup d\u2019affection et de soin pour tous ceux qui veulent venir nous rendre visite.<\/p>\n\n\n<div class=\"wp-block-image\">\n<figure class=\"alignleft size-full\"><img loading=\"lazy\" decoding=\"async\" width=\"300\" height=\"300\" src=\"https:\/\/buztinaga.com\/wp-content\/uploads\/2023\/10\/SoniaMartin.jpg\" alt=\"Photographie de Sonia Martin\" class=\"wp-image-869\" srcset=\"https:\/\/buztinaga.com\/wp-content\/uploads\/2023\/10\/SoniaMartin.jpg 300w, https:\/\/buztinaga.com\/wp-content\/uploads\/2023\/10\/SoniaMartin-150x150.jpg 150w\" sizes=\"auto, (max-width: 300px) 100vw, 300px\" \/><figcaption class=\"wp-element-caption\">Sonia Mart\u00edn<\/figcaption><\/figure>\n<\/div>\n\n\n<p>Je vais me pr\u00e9senter ; Je m&#8217;appelle Sonia Mart\u00edn Higuera, pr\u00e9sidente de <strong>l&#8217;Association Buztinaga pour la Culture, les Arts et le Bien-\u00eatre<\/strong>.<\/p>\n\n\n\n<p>J\u2019ai un parcours intense et fructueux d\u2019exp\u00e9riences v\u00e9cues au cours de mes plus de cinquante ans \u00e0 travers presque tout le monde.<br\/>J\u2019ai beaucoup de chance, car dans mon pays, l\u2019Espagne, aux \u00c9tats-Unis, en Afrique et au Moyen-Orient, j\u2019ai eu de bonnes occasions d\u2019\u00e9tudier et de travailler et j\u2019ai pu les saisir.<\/p>\n\n\n\n<p>En 1990, j\u2019ai obtenu une licence en beaux-arts de la Real Academia de San Fernando \u00e0 Madrid, Je suis technicien en maintenance a\u00e9ronautique avec une exp\u00e9rience de plus de sept ans en tant que m\u00e9canicien a\u00e9ronautique et je suis \u00e9galement pilote commercial d\u2019avion avec une exp\u00e9rience de vol de plus de trente ans sur quatre des cinq continents.<br\/>J\u2019ai parcouru pratiquement le monde au cours des trente derni\u00e8res ann\u00e9es et je continue \u00e0 le faire.<\/p>\n\n\n<div class=\"wp-bootstrap-blocks-container container mb-2 buzti-bloque-texto-gen\">\n\t\n\n<hr class=\"wp-block-separator has-alpha-channel-opacity lis\"\/>\n\n\n<div class=\"wp-bootstrap-blocks-row row\">\n\t\n\n<div class=\"col-12 col-md-4\">\n\t\t\t\n\n<blockquote class=\"wp-block-quote is-layout-flow wp-block-quote-is-layout-flow\">\n<blockquote class=\"wp-block-quote is-layout-flow wp-block-quote-is-layout-flow\">\n<p><\/p>\n<cite>Je leur dis simplement de penser comme <strong>L\u00e9onard de Vinci<\/strong> et ils comprendront.<\/cite><\/blockquote>\n<\/blockquote>\n\n\t<\/div>\n\n\n\n<div class=\"col-12 col-md-8\">\n\t\t\t\n\n<p>Beaucoup de gens se demanderont pourquoi j\u2019ai parcouru une si vaste bande d\u2019\u00e9tudes et de connaissances qu\u2019elles ne semblent pas \u00eatre tr\u00e8s communes ou affines si vous y r\u00e9fl\u00e9chissez ; et la v\u00e9rit\u00e9 est que oui, on me demande souvent cela.<br\/>Je leur r\u00e9ponds simplement de penser comme <strong>L\u00e9onard de Vinci<\/strong> et ils comprendront.<br\/>Ce n\u2019est pas comme si j\u2019allais me comparer \u00e0 ce g\u00e9nie de la Renaissance que j\u2019aurais aim\u00e9 conna\u00eetre, mais c\u2019est sa fa\u00e7on de penser et de comprendre la vie qui m\u2019a toujours guid\u00e9.<br\/>La connaissance comme la meilleure arme de d\u00e9passement et de nourriture de l\u2019esprit inquiet.<br\/>Je ne peux pas le nier; quand j&#8217;aime quelque chose ; Je l&#8217;attrape avec les dents de ma curiosit\u00e9 et ne le l\u00e2che pas jusqu&#8217;\u00e0 ce que je puisse comprendre et d\u00e9cortiquer le moindre d\u00e9tail ou l&#8217;\u00e9quipement qui peut le rendre compl\u00e8tement compr\u00e9hensible \u00e0 mes yeux.<\/p>\n\n\t<\/div>\n\n<\/div>\n\n<\/div>\n\n\n\n<p><\/p>\n\n\n<div class=\"wp-bootstrap-blocks-container container mb-2 buzti-bloque-texto-gen\">\n\t\n\n<hr class=\"wp-block-separator has-alpha-channel-opacity lis\"\/>\n\n\n<div class=\"wp-bootstrap-blocks-row row\">\n\t\n\n<div class=\"col-12 col-md-4\">\n\t\t\t\n\n<blockquote class=\"wp-block-quote is-layout-flow wp-block-quote-is-layout-flow\">\n<blockquote class=\"wp-block-quote is-layout-flow wp-block-quote-is-layout-flow\">\n<p><\/p>\n<cite>Mon p\u00e8re \u00e9tait un <strong>infatigable cr\u00e9ateur<\/strong> d&#8217;\u0153uvres aux techniques tr\u00e8s diff\u00e9rentes<\/cite><\/blockquote>\n\n\n\n<figure class=\"wp-block-image size-full\"><img loading=\"lazy\" decoding=\"async\" width=\"300\" height=\"400\" src=\"https:\/\/buztinaga.com\/wp-content\/uploads\/2023\/10\/MartinSimon.jpg\" alt=\"\" class=\"wp-image-983\" srcset=\"https:\/\/buztinaga.com\/wp-content\/uploads\/2023\/10\/MartinSimon.jpg 300w, https:\/\/buztinaga.com\/wp-content\/uploads\/2023\/10\/MartinSimon-225x300.jpg 225w\" sizes=\"auto, (max-width: 300px) 100vw, 300px\" \/><figcaption class=\"wp-element-caption\">Jos\u00e9 de Mart\u00edn Sim\u00f3n<\/figcaption><\/figure>\n<\/blockquote>\n\n\t<\/div>\n\n\n\n<div class=\"col-12 col-md-8\">\n\t\t\t\n\n<p>Depuis que j\u2019ai des souvenirs d\u2019enfance, j\u2019ai toujours \u00e9t\u00e9 accompagn\u00e9 par l\u2019odeur de t\u00e9r\u00e9benthine, peintures \u00e0 l\u2019huile, bois et toiles fra\u00eechement serties avec la queue de lapin et le blanc Espagne (nom tr\u00e8s curieux pour une couleur blanche, compte tenu de l\u2019immense quantit\u00e9 de &#8220;couleurs&#8221; que nous avons sur notre terre).<\/p>\n\n\n\n<p>Toutes ces odeurs sont pour moi, les odeurs d\u2019une vraie <em>MAISON<\/em>. <\/p>\n\n\n\n<p>Je ne me sentirai jamais aussi chaud et confortable que lorsque je serai entour\u00e9 de ces odeurs et bien s\u00fbr aussi des odeurs de ce champ de mousse humide, avec la fra\u00eecheur de l&#8217;eucalyptus et du pin, et de cette touche incomparable et sal\u00e9e qu&#8217;apporte la brise. .estuaire depuis le port de Getxo.<\/p>\n\n\n\n<p>Mon p\u00e8re, <strong>Jos\u00e9 de Martin Sim\u00f3n<\/strong> \u00e9tait un grand artiste dont les \u0153uvres pourront profiter au <a href=\"https:\/\/buztinaga.com\/fr\/la-galerie\/\">mus\u00e9e Buztinaga<\/a> lors de sa visite.<\/p>\n\n\n\n<p><br\/>C\u2019est lui qui m\u2019a enseign\u00e9 les concepts de base et fondamentaux de la peinture, du dessin et de la connaissance des mat\u00e9riaux si n\u00e9cessaires \u00e0 leur utilisation lors de leur utilisation.<br\/>Il m\u2019a appris \u00e0 \u00eatre intr\u00e9pide et curieuse et \u00e0 ne pas craindre les r\u00eaves.<br\/>C\u2019est \u00e0 lui que je dois tout cet enseignement et cette connaissance si importants pour moi et je lui en serai reconnaissant toute ma vie.<\/p>\n\n\n\n<p>Mon p\u00e8re \u00e9tait un cr\u00e9ateur infatigable d\u2019\u0153uvres aux techniques tr\u00e8s diff\u00e9rentes, toujours en train d\u2019innover et de rechercher de nouvelles voies de communication \u00e0 travers ses travaux.<\/p>\n\n\n\n<p>Mais il n\u2019y a jamais &#8220;un sans un deux&#8221; et je dois remercier et reconna\u00eetre le grand effort que ma m\u00e8re a \u00e9galement fait pour nous \u00e9lever et nous soigner dans des moments tr\u00e8s difficiles o\u00f9 l\u2019argent manquait et m\u00eame parfois, il n\u2019y avait pas.<\/p>\n\n\n\n<p>Ma m\u00e8re, Maria del Carmen Higuera Casta\u00f1os, est une m\u00e8re de l\u2019apr\u00e8s-guerre, \u00e9lev\u00e9e pour ob\u00e9ir et se taire dans une maison et franchement, c\u2019est gr\u00e2ce \u00e0 sa t\u00e9nacit\u00e9 et son sacrifice que nous avons pu aller de l\u2019avant dans une maison qui se soutenait souvent de purs &#8220;r\u00eaves&#8221;; une maison o\u00f9 mon p\u00e8re pouvait aussi jouir d\u2019un &#8220;\u00e9quilibre&#8221; et d\u2019un calme qui ne pouvait \u00eatre maintenu que gr\u00e2ce \u00e0 sa t\u00e9nacit\u00e9 et ses efforts comme la plupart des m\u00e8res de cette; notre \u00e9poque d\u2019apr\u00e8s-guerre et de la fin du vingti\u00e8me si\u00e8cle, et qui ne seront jamais suffisamment reconnues.<\/p>\n\n\n\n<p>C\u2019est aussi gr\u00e2ce \u00e0 elle et la cession de ses \u0153uvres, les \u0153uvres de mon p\u00e8re \u00e0 Buztinaga, la raison pour laquelle je peux r\u00e9aliser ce grand projet qui signifie rapprocher l\u2019art, la musique, le cin\u00e9ma et la gastronomie, entre autres activit\u00e9s, \u00e0 tout le public qui visite.<\/p>\n\n\t<\/div>\n\n<\/div>\n\n<\/div>\n\n\n<div class=\"wp-bootstrap-blocks-container container mb-2 buzti-bloque-texto-gen\">\n\t\n\n<hr class=\"wp-block-separator has-alpha-channel-opacity lis\"\/>\n\n\n<div class=\"wp-bootstrap-blocks-row row\">\n\t\n\n<div class=\"col-12 col-md-4\">\n\t\t\t\n\n<blockquote class=\"wp-block-quote is-layout-flow wp-block-quote-is-layout-flow\"><div class=\"wp-block-image\">\n<figure class=\"alignleft size-full\"><img loading=\"lazy\" decoding=\"async\" width=\"300\" height=\"300\" src=\"https:\/\/buztinaga.com\/wp-content\/uploads\/2023\/10\/coleccionismo.jpg\" alt=\"\" class=\"wp-image-874\" srcset=\"https:\/\/buztinaga.com\/wp-content\/uploads\/2023\/10\/coleccionismo.jpg 300w, https:\/\/buztinaga.com\/wp-content\/uploads\/2023\/10\/coleccionismo-150x150.jpg 150w\" sizes=\"auto, (max-width: 300px) 100vw, 300px\" \/><figcaption class=\"wp-element-caption\">&#8220;Collecter&#8221;<\/figcaption><\/figure>\n<\/div><cite>Colecciono <strong>objetos que nos \u201chablan\u201d<\/strong>.<br>Porque todo objeto tiene una procedencia, todo objeto tiene una historia <\/cite><\/blockquote>\n\n\t<\/div>\n\n\n\n<div class=\"col-12 col-md-8\">\n\t\t\t\n\n<p>Au cours de ces trente derni\u00e8res ann\u00e9es et de nombreuses parties du monde, j\u2019ai \u00e9galement pu \u00e9largir ma collection d\u2019\u0153uvres d\u2019art, d\u2019artefacts et d\u2019objets anciens et curieux, en plus d\u2019une collection de livres &#8220;rares&#8221; et premi\u00e8res \u00e9ditions qui peuvent difficilement \u00eatre trouv\u00e9s nulle part dans le globe terrestre.<\/p>\n\n\n\n<p>Pour une raison quelconque, je sens que je dois &#8220;pr\u00e9server&#8221; ces objets, livres et artefacts cr\u00e9\u00e9s dans un autre si\u00e8cle afin qu\u2019ils ne soient pas perdus ou d\u00e9truits par leur manque d'&#8221;utilit\u00e9&#8221;.<br\/>Je voudrais que les gens puissent appr\u00e9cier que dans un temps ant\u00e9rieur des choses aussi simples ou compliqu\u00e9es en fonction de leur objectif; ils ont \u00e9t\u00e9 cr\u00e9\u00e9s pour durer toute une vie, pour effectuer une fonction avec rigueur et une bonne facture en plus d\u2019avoir un design et une \u00e9l\u00e9gance agr\u00e9able et voyante.<br\/>Depuis une caisse enregistreuse de 1905, un jouet de cheval de 1890 ou une cam\u00e9ra d\u2019espionnage de fabrication russe de la guerre froide.<br\/>Je collectionne des objets qui nous &#8220;parlent&#8221;.<br\/>Parce que tout objet a une provenance, tout objet a une histoire et garde en partie cette &#8220;aura&#8217; et l\u2019odeur d\u2019autrefois qui nous aident \u00e0 mieux comprendre d\u2019o\u00f9 nous venons et l\u2019importance de se rappeler &#8220;<strong>Ce qui s\u2019est pass\u00e9<\/strong>&#8221; \u00e0 cette \u00e9poque.<br\/>La vraie importance de ne pas oublier notre pass\u00e9 et notre histoire; pour garder le meilleur de nous-m\u00eames et ne pas oublier les horreurs et les cauchemars que l\u2019\u00eatre humain est capable de g\u00e9n\u00e9rer; et pour que ces barbaries, nous ne puissions pas les r\u00e9p\u00e9ter.<\/p>\n\n\t<\/div>\n\n<\/div>\n\n<\/div>\n\n\n\n<p><\/p>\n\n\n\n<p><\/p>\n\n\n\n<hr class=\"wp-block-separator has-alpha-channel-opacity lis\"\/>\n\n\n\n<p><\/p>\n\n\n\n<p>Et apr\u00e8s avoir bri\u00e8vement d\u00e9crit cet objectif et les grands tr\u00e9sors que les enfants et les adultes peuvent trouver dans ce petit coin du merveilleux <a href=\"https:\/\/www.valledebaztan.com\/\" target=\"_blank\" rel=\"noreferrer noopener nofollow\">Vall\u00e9e du Baztan<\/a>Il ne me reste plus qu\u2019\u00e0 vous souhaiter la bienvenue et \u00e0 vous attendre dans cet espace merveilleux, cr\u00e9\u00e9 avec beaucoup d\u2019affection dans l\u2019espoir que vous puissiez vraiment en profiter et apprendre avec nous.<br\/>Au <a href=\"https:\/\/buztinaga.com\/fr\/buztinaga-la-maison-et-ses-habitants\/\">Palais Buztinaga<\/a> , la maison de la Vall\u00e9e pour tous ceux qui viennent avec un esprit ouvert et un c\u0153ur propre; dans le v\u00e9ritable esprit, de tout un LEONARDO.<\/p>\n\n\n<div class=\"wp-block-image\">\n<figure class=\"aligncenter size-full\"><img loading=\"lazy\" decoding=\"async\" width=\"849\" height=\"637\" src=\"https:\/\/buztinaga.com\/wp-content\/uploads\/2023\/10\/IMG_1906.jpg\" alt=\"\" class=\"wp-image-878\" srcset=\"https:\/\/buztinaga.com\/wp-content\/uploads\/2023\/10\/IMG_1906.jpg 849w, https:\/\/buztinaga.com\/wp-content\/uploads\/2023\/10\/IMG_1906-300x225.jpg 300w, https:\/\/buztinaga.com\/wp-content\/uploads\/2023\/10\/IMG_1906-768x576.jpg 768w\" sizes=\"auto, (max-width: 849px) 100vw, 849px\" \/><figcaption class=\"wp-element-caption\">Palacio Buztinaga<\/figcaption><\/figure>\n<\/div>\n\n\n<p>Je vous dis au revoir&#8230;<br\/>Cordialement<\/p>\n\n\n\n<p>Sonia Martin Higuera<\/p>\n\n<\/div>\n","protected":false},"excerpt":{"rendered":"<p> [&#8230;]<\/p>\n<p><a class=\"btn btn-secondary understrap-read-more-link\" href=\"https:\/\/buztinaga.com\/fr\/bienvenue-sur-buztinaga\/\">Read More&#8230;<span class=\"screen-reader-text\"> from Bienvenue sur Buztinaga<\/span><\/a><\/p>\n","protected":false},"author":2,"featured_media":0,"parent":0,"menu_order":0,"comment_status":"closed","ping_status":"closed","template":"page-templates\/fullwidthpage.php","meta":{"nf_dc_page":"","_monsterinsights_skip_tracking":false,"_monsterinsights_sitenote_active":false,"_monsterinsights_sitenote_note":"","_monsterinsights_sitenote_category":0,"footnotes":""},"class_list":["post-1166","page","type-page","status-publish","hentry"],"yoast_head":"<!-- This site is optimized with the Yoast SEO plugin v27.4 - https:\/\/yoast.com\/product\/yoast-seo-wordpress\/ -->\n<title>Bienvenue sur Buztinaga - Buztinaga<\/title>\n<meta name=\"robots\" content=\"index, follow, max-snippet:-1, max-image-preview:large, max-video-preview:-1\" \/>\n<link rel=\"canonical\" href=\"https:\/\/buztinaga.com\/fr\/bienvenue-sur-buztinaga\/\" \/>\n<meta property=\"og:locale\" content=\"fr_FR\" \/>\n<meta property=\"og:type\" content=\"article\" \/>\n<meta property=\"og:title\" content=\"Bienvenue sur Buztinaga - Buztinaga\" \/>\n<meta property=\"og:description\" content=\"[...]Read More... from Bienvenue sur Buztinaga\" \/>\n<meta property=\"og:url\" content=\"https:\/\/buztinaga.com\/fr\/bienvenue-sur-buztinaga\/\" \/>\n<meta property=\"og:site_name\" content=\"Buztinaga\" \/>\n<meta property=\"article:modified_time\" content=\"2023-11-09T19:43:23+00:00\" \/>\n<meta property=\"og:image\" content=\"https:\/\/buztinaga.com\/wp-content\/uploads\/2023\/10\/SoniaMartin.jpg\" \/>\n<meta name=\"twitter:card\" content=\"summary_large_image\" \/>\n<meta name=\"twitter:label1\" content=\"Dur\u00e9e de lecture estim\u00e9e\" \/>\n\t<meta name=\"twitter:data1\" content=\"6 minutes\" \/>\n<script type=\"application\/ld+json\" class=\"yoast-schema-graph\">{\"@context\":\"https:\\\/\\\/schema.org\",\"@graph\":[{\"@type\":\"WebPage\",\"@id\":\"https:\\\/\\\/buztinaga.com\\\/fr\\\/bienvenue-sur-buztinaga\\\/\",\"url\":\"https:\\\/\\\/buztinaga.com\\\/fr\\\/bienvenue-sur-buztinaga\\\/\",\"name\":\"Bienvenue sur Buztinaga - Buztinaga\",\"isPartOf\":{\"@id\":\"https:\\\/\\\/buztinaga.com\\\/fr\\\/#website\"},\"primaryImageOfPage\":{\"@id\":\"https:\\\/\\\/buztinaga.com\\\/fr\\\/bienvenue-sur-buztinaga\\\/#primaryimage\"},\"image\":{\"@id\":\"https:\\\/\\\/buztinaga.com\\\/fr\\\/bienvenue-sur-buztinaga\\\/#primaryimage\"},\"thumbnailUrl\":\"https:\\\/\\\/buztinaga.com\\\/wp-content\\\/uploads\\\/2023\\\/10\\\/SoniaMartin.jpg\",\"datePublished\":\"2023-10-20T14:38:56+00:00\",\"dateModified\":\"2023-11-09T19:43:23+00:00\",\"breadcrumb\":{\"@id\":\"https:\\\/\\\/buztinaga.com\\\/fr\\\/bienvenue-sur-buztinaga\\\/#breadcrumb\"},\"inLanguage\":\"fr-FR\",\"potentialAction\":[{\"@type\":\"ReadAction\",\"target\":[\"https:\\\/\\\/buztinaga.com\\\/fr\\\/bienvenue-sur-buztinaga\\\/\"]}]},{\"@type\":\"ImageObject\",\"inLanguage\":\"fr-FR\",\"@id\":\"https:\\\/\\\/buztinaga.com\\\/fr\\\/bienvenue-sur-buztinaga\\\/#primaryimage\",\"url\":\"https:\\\/\\\/buztinaga.com\\\/wp-content\\\/uploads\\\/2023\\\/10\\\/SoniaMartin.jpg\",\"contentUrl\":\"https:\\\/\\\/buztinaga.com\\\/wp-content\\\/uploads\\\/2023\\\/10\\\/SoniaMartin.jpg\"},{\"@type\":\"BreadcrumbList\",\"@id\":\"https:\\\/\\\/buztinaga.com\\\/fr\\\/bienvenue-sur-buztinaga\\\/#breadcrumb\",\"itemListElement\":[{\"@type\":\"ListItem\",\"position\":1,\"name\":\"Home\",\"item\":\"https:\\\/\\\/buztinaga.com\\\/fr\\\/\"},{\"@type\":\"ListItem\",\"position\":2,\"name\":\"Bienvenue sur Buztinaga\"}]},{\"@type\":\"WebSite\",\"@id\":\"https:\\\/\\\/buztinaga.com\\\/fr\\\/#website\",\"url\":\"https:\\\/\\\/buztinaga.com\\\/fr\\\/\",\"name\":\"Buztinaga\",\"description\":\"Asociaci\u00f3n Buztinaga para la Cultura, Las Artes y el Bienestar\",\"publisher\":{\"@id\":\"https:\\\/\\\/buztinaga.com\\\/fr\\\/#organization\"},\"potentialAction\":[{\"@type\":\"SearchAction\",\"target\":{\"@type\":\"EntryPoint\",\"urlTemplate\":\"https:\\\/\\\/buztinaga.com\\\/fr\\\/?s={search_term_string}\"},\"query-input\":{\"@type\":\"PropertyValueSpecification\",\"valueRequired\":true,\"valueName\":\"search_term_string\"}}],\"inLanguage\":\"fr-FR\"},{\"@type\":\"Organization\",\"@id\":\"https:\\\/\\\/buztinaga.com\\\/fr\\\/#organization\",\"name\":\"Asociaci\u00f3n para la Cultura, las Artes y el Bienestar.\",\"url\":\"https:\\\/\\\/buztinaga.com\\\/fr\\\/\",\"logo\":{\"@type\":\"ImageObject\",\"inLanguage\":\"fr-FR\",\"@id\":\"https:\\\/\\\/buztinaga.com\\\/fr\\\/#\\\/schema\\\/logo\\\/image\\\/\",\"url\":\"https:\\\/\\\/buztinaga.com\\\/wp-content\\\/uploads\\\/2023\\\/06\\\/DesignLogo200Siena.png\",\"contentUrl\":\"https:\\\/\\\/buztinaga.com\\\/wp-content\\\/uploads\\\/2023\\\/06\\\/DesignLogo200Siena.png\",\"width\":65,\"height\":97,\"caption\":\"Asociaci\u00f3n para la Cultura, las Artes y el Bienestar.\"},\"image\":{\"@id\":\"https:\\\/\\\/buztinaga.com\\\/fr\\\/#\\\/schema\\\/logo\\\/image\\\/\"},\"sameAs\":[\"https:\\\/\\\/www.instagram.com\\\/hicsunt.dracon.es\\\/\"]}]}<\/script>\n<!-- \/ Yoast SEO plugin. -->","yoast_head_json":{"title":"Bienvenue sur Buztinaga - Buztinaga","robots":{"index":"index","follow":"follow","max-snippet":"max-snippet:-1","max-image-preview":"max-image-preview:large","max-video-preview":"max-video-preview:-1"},"canonical":"https:\/\/buztinaga.com\/fr\/bienvenue-sur-buztinaga\/","og_locale":"fr_FR","og_type":"article","og_title":"Bienvenue sur Buztinaga - Buztinaga","og_description":"[...]Read More... from Bienvenue sur Buztinaga","og_url":"https:\/\/buztinaga.com\/fr\/bienvenue-sur-buztinaga\/","og_site_name":"Buztinaga","article_modified_time":"2023-11-09T19:43:23+00:00","og_image":[{"url":"https:\/\/buztinaga.com\/wp-content\/uploads\/2023\/10\/SoniaMartin.jpg","type":"","width":"","height":""}],"twitter_card":"summary_large_image","twitter_misc":{"Dur\u00e9e de lecture estim\u00e9e":"6 minutes"},"schema":{"@context":"https:\/\/schema.org","@graph":[{"@type":"WebPage","@id":"https:\/\/buztinaga.com\/fr\/bienvenue-sur-buztinaga\/","url":"https:\/\/buztinaga.com\/fr\/bienvenue-sur-buztinaga\/","name":"Bienvenue sur Buztinaga - Buztinaga","isPartOf":{"@id":"https:\/\/buztinaga.com\/fr\/#website"},"primaryImageOfPage":{"@id":"https:\/\/buztinaga.com\/fr\/bienvenue-sur-buztinaga\/#primaryimage"},"image":{"@id":"https:\/\/buztinaga.com\/fr\/bienvenue-sur-buztinaga\/#primaryimage"},"thumbnailUrl":"https:\/\/buztinaga.com\/wp-content\/uploads\/2023\/10\/SoniaMartin.jpg","datePublished":"2023-10-20T14:38:56+00:00","dateModified":"2023-11-09T19:43:23+00:00","breadcrumb":{"@id":"https:\/\/buztinaga.com\/fr\/bienvenue-sur-buztinaga\/#breadcrumb"},"inLanguage":"fr-FR","potentialAction":[{"@type":"ReadAction","target":["https:\/\/buztinaga.com\/fr\/bienvenue-sur-buztinaga\/"]}]},{"@type":"ImageObject","inLanguage":"fr-FR","@id":"https:\/\/buztinaga.com\/fr\/bienvenue-sur-buztinaga\/#primaryimage","url":"https:\/\/buztinaga.com\/wp-content\/uploads\/2023\/10\/SoniaMartin.jpg","contentUrl":"https:\/\/buztinaga.com\/wp-content\/uploads\/2023\/10\/SoniaMartin.jpg"},{"@type":"BreadcrumbList","@id":"https:\/\/buztinaga.com\/fr\/bienvenue-sur-buztinaga\/#breadcrumb","itemListElement":[{"@type":"ListItem","position":1,"name":"Home","item":"https:\/\/buztinaga.com\/fr\/"},{"@type":"ListItem","position":2,"name":"Bienvenue sur Buztinaga"}]},{"@type":"WebSite","@id":"https:\/\/buztinaga.com\/fr\/#website","url":"https:\/\/buztinaga.com\/fr\/","name":"Buztinaga","description":"Asociaci\u00f3n Buztinaga para la Cultura, Las Artes y el Bienestar","publisher":{"@id":"https:\/\/buztinaga.com\/fr\/#organization"},"potentialAction":[{"@type":"SearchAction","target":{"@type":"EntryPoint","urlTemplate":"https:\/\/buztinaga.com\/fr\/?s={search_term_string}"},"query-input":{"@type":"PropertyValueSpecification","valueRequired":true,"valueName":"search_term_string"}}],"inLanguage":"fr-FR"},{"@type":"Organization","@id":"https:\/\/buztinaga.com\/fr\/#organization","name":"Asociaci\u00f3n para la Cultura, las Artes y el Bienestar.","url":"https:\/\/buztinaga.com\/fr\/","logo":{"@type":"ImageObject","inLanguage":"fr-FR","@id":"https:\/\/buztinaga.com\/fr\/#\/schema\/logo\/image\/","url":"https:\/\/buztinaga.com\/wp-content\/uploads\/2023\/06\/DesignLogo200Siena.png","contentUrl":"https:\/\/buztinaga.com\/wp-content\/uploads\/2023\/06\/DesignLogo200Siena.png","width":65,"height":97,"caption":"Asociaci\u00f3n para la Cultura, las Artes y el Bienestar."},"image":{"@id":"https:\/\/buztinaga.com\/fr\/#\/schema\/logo\/image\/"},"sameAs":["https:\/\/www.instagram.com\/hicsunt.dracon.es\/"]}]}},"_links":{"self":[{"href":"https:\/\/buztinaga.com\/fr\/wp-json\/wp\/v2\/pages\/1166","targetHints":{"allow":["GET"]}}],"collection":[{"href":"https:\/\/buztinaga.com\/fr\/wp-json\/wp\/v2\/pages"}],"about":[{"href":"https:\/\/buztinaga.com\/fr\/wp-json\/wp\/v2\/types\/page"}],"author":[{"embeddable":true,"href":"https:\/\/buztinaga.com\/fr\/wp-json\/wp\/v2\/users\/2"}],"replies":[{"embeddable":true,"href":"https:\/\/buztinaga.com\/fr\/wp-json\/wp\/v2\/comments?post=1166"}],"version-history":[{"count":4,"href":"https:\/\/buztinaga.com\/fr\/wp-json\/wp\/v2\/pages\/1166\/revisions"}],"predecessor-version":[{"id":1751,"href":"https:\/\/buztinaga.com\/fr\/wp-json\/wp\/v2\/pages\/1166\/revisions\/1751"}],"wp:attachment":[{"href":"https:\/\/buztinaga.com\/fr\/wp-json\/wp\/v2\/media?parent=1166"}],"curies":[{"name":"wp","href":"https:\/\/api.w.org\/{rel}","templated":true}]}}