{"id":343,"date":"2023-07-16T09:31:25","date_gmt":"2023-07-16T09:31:25","guid":{"rendered":"https:\/\/buztinaga.com\/mentions-legales\/"},"modified":"2023-11-07T19:58:46","modified_gmt":"2023-11-07T19:58:46","slug":"mentions-legales","status":"publish","type":"page","link":"https:\/\/buztinaga.com\/fr\/mentions-legales\/","title":{"rendered":"Mentions l\u00e9gales"},"content":{"rendered":"<div class=\"wp-bootstrap-blocks-container container mb-2 col-lg-6\">\n\t\n\n<h2 class=\"wp-block-heading\" id=\"h-i-informacion-general\">I. Informations g\u00e9n\u00e9rales<\/h2>\n\n\n\n<p>Conform\u00e9ment \u00e0 l\u2019obligation d\u2019information pr\u00e9vue par la loi 34\/2002 sur les services de la soci\u00e9t\u00e9 de l\u2019information et le commerce \u00e9lectronique (LSSI-CE) du 11 juillet, les informations g\u00e9n\u00e9rales suivantes sont fournies sur ce site :En cumplimiento con el deber de informaci\u00f3n dispuesto en la Ley 34\/2002 de Servicios de la Sociedad de la Informaci\u00f3n y el Comercio Electr\u00f3nico (LSSI-CE) de 11 de julio, se facilitan a continuaci\u00f3n los siguientes datos de informaci\u00f3n general de este sitio web:<br\/>La propri\u00e9t\u00e9 de ce site web, www.buztinaga.com, (ci-apr\u00e8s Site Web) est d\u00e9tenue par : Mme Sonia Martin Higuera, avec NIF 70045157Z.<br\/>Adresse: Calle Corral del Cuco, 171. Collado Villalba, Madrid <br\/>T\u00e9l\u00e9phone de contact: 684022382<br\/>Courriel de contact: buztinaga1@gmail.com<\/p>\n\n\n\n<h2 class=\"wp-block-heading\">II. CONDITIONS G\u00c9N\u00c9RALES D\u2019UTILISATION <\/h2>\n\n\n\n<p><\/p>\n\n\n\n<h3 class=\"wp-block-heading\">L\u2019objet des conditions : Le Site Web<\/h3>\n\n\n\n<p><br\/>L\u2019objet des pr\u00e9sentes Conditions G\u00e9n\u00e9rales d\u2019Utilisation (ci-apr\u00e8s Conditions) est de r\u00e9glementer l\u2019acc\u00e8s et l\u2019utilisation du Site Web. Aux fins des pr\u00e9sentes Conditions, on entend par Site Web l\u2019apparence externe des interfaces d\u2019affichage, tant de mani\u00e8re statique que dynamique, c\u2019est-\u00e0-dire l\u2019arborescence de navigation; et tous les \u00e9l\u00e9ments int\u00e9gr\u00e9s \u00e0 la fois dans les interfaces d\u2019affichage et dans l\u2019arborescence de navigation (ci-apr\u00e8s Contenu) et tous les services ou ressources en ligne qu\u2019il offre aux Utilisateurs (ci-apr\u00e8s Services)<br\/>Buztinaga.com se r\u00e9serve la facult\u00e9 de modifier, \u00e0 tout moment et sans pr\u00e9avis, la pr\u00e9sentation et la configuration du Site Web et des Contenus et Services qui pourraient y \u00eatre incorpor\u00e9s. L\u2019Utilisateur reconna\u00eet et accepte qu\u2019\u00e0 tout moment Buztinaga.com puisse interrompre, d\u00e9sactiver et\/ou annuler l\u2019un de ces \u00e9l\u00e9ments qui sont int\u00e9gr\u00e9s au Site Web ou l\u2019acc\u00e8s \u00e0 ceux-ci.<br\/>L\u2019acc\u00e8s au Site Web par l\u2019Utilisateur est libre et, en r\u00e8gle g\u00e9n\u00e9rale, gratuit sans que l\u2019Utilisateur ait \u00e0 fournir une contrepartie pour pouvoir en b\u00e9n\u00e9ficier, sauf en ce qui concerne le co\u00fbt de la connexion par le r\u00e9seau de t\u00e9l\u00e9communications fourni par le fournisseur d\u2019acc\u00e8s auquel l\u2019Utilisateur a souscrit.<br\/>L\u2019utilisation de l\u2019un des Contenus ou Services du Site Web peut se faire par l\u2019abonnement ou l\u2019inscription pr\u00e9alable de l\u2019Utilisateur.<\/p>\n\n\n\n<h3 class=\"wp-block-heading\"><br\/>L\u2019utilisateur<\/h3>\n\n\n\n<p><br\/>L\u2019acc\u00e8s, la navigation et l\u2019utilisation du Site Web conf\u00e8rent le statut d\u2019Utilisateur et, d\u00e8s le d\u00e9but de la navigation sur le Site Web, toutes les Conditions \u00e9nonc\u00e9es ici, ainsi que leurs modifications ult\u00e9rieures, sont accept\u00e9es, sans pr\u00e9judice de l\u2019application de la r\u00e9glementation l\u00e9gale correspondante, obligatoire selon le cas. Compte tenu de la pertinence de ce qui pr\u00e9c\u00e8de, il est recommand\u00e9 \u00e0 l\u2019Utilisateur de les lire chaque fois qu\u2019il visite le Site Web.<br\/>Le site Web de Buztinaga.com offre une grande vari\u00e9t\u00e9 d\u2019informations, de services et de donn\u00e9es. L\u2019Utilisateur assume sa responsabilit\u00e9 pour une utilisation correcte du Site Web. Cette responsabilit\u00e9 s\u2019\u00e9tend \u00e0 :<\/p>\n\n\n\n<p><\/p>\n\n\n\n<ul class=\"wp-block-list\">\n<li>Une utilisation des informations, Contenus et\/ou Services et donn\u00e9es offerts par Buztinaga.com sans \u00eatre contraire aux pr\u00e9sentes Conditions, \u00e0 la Loi, \u00e0 la morale ou \u00e0 l\u2019ordre public, ou qui, d\u2019une autre mani\u00e8re, pourraient porter atteinte aux droits de tiers ou au fonctionnement m\u00eame du Site.<\/li>\n\n\n\n<li>La v\u00e9racit\u00e9 et la lic\u00e9it\u00e9 des informations fournies par l\u2019Utilisateur dans les formulaires \u00e9tablis par Buztinaga.com pour l\u2019acc\u00e8s \u00e0 certains Contenus ou Services offerts par le Site Web. Dans tous les cas, l\u2019Utilisateur informera imm\u00e9diatement Buztinaga.com de tout fait permettant l\u2019utilisation abusive des informations enregistr\u00e9es dans ces formulaires, tels que, mais pas seulement, le vol, la perte, ou l\u2019acc\u00e8s non autoris\u00e9 aux identifiants et\/ou mots de passe, afin de proc\u00e9der \u00e0 leur annulation imm\u00e9diate.<\/li>\n<\/ul>\n\n\n\n<p><br\/>Le simple fait d\u2019acc\u00e9der \u00e0 ce site Web ne constitue pas une relation commerciale entre Buztinaga.com et l\u2019Utilisateur.<br\/>L\u2019Utilisateur d\u00e9clare \u00eatre majeur et avoir la capacit\u00e9 juridique suffisante pour \u00eatre li\u00e9 par les pr\u00e9sentes Conditions. Par cons\u00e9quent, ce site Web de Buztinaga.com ne s\u2019adresse pas aux mineurs. Buztinaga.com d\u00e9cline toute responsabilit\u00e9 pour le non-respect de cette exigence.<br\/>Le Site Web s\u2019adresse principalement aux Utilisateurs r\u00e9sidant en Espagne. Buztinaga.com ne garantit pas que le Site Web est enti\u00e8rement ou partiellement conforme \u00e0 la l\u00e9gislation d\u2019autres pays. Si l\u2019Utilisateur r\u00e9side ou a son domicile ailleurs et d\u00e9cide d\u2019acc\u00e9der et\/ou de naviguer sur le Site Web sous sa propre responsabilit\u00e9, il doit s\u2019assurer que cet acc\u00e8s et cette navigation sont conformes \u00e0 la l\u00e9gislation locale qui lui est applicable, n\u2019assumant aucune responsabilit\u00e9 de Buztinaga.com d\u00e9coulant de cet acc\u00e8s.<\/p>\n\n\n\n<p><\/p>\n\n\n\n<h2 class=\"wp-block-heading\">III. ACC\u00c8S ET NAVIGATION SUR LE SITE : EXCLUSION DE GARANTIES ET RESPONSABILIT\u00c9 <\/h2>\n\n\n\n<p><\/p>\n\n\n\n<p>Buztinaga.com ne garantit pas la continuit\u00e9, la disponibilit\u00e9 et l\u2019utilit\u00e9 du Site Web, du Contenu ou des Services. Buztinaga.com fera tout son possible pour le bon fonctionnement du Site Web, cependant, ne sera pas responsable ni garantir que l\u2019acc\u00e8s \u00e0 ce Site Web ne sera pas ininterrompu ou exempt d\u2019erreur.<br\/>Il n\u2019est pas non plus responsable ou ne garantit pas que le contenu ou le logiciel accessible via ce site Web est exempt d\u2019erreur ou cause un dommage au syst\u00e8me informatique (logiciel et mat\u00e9riel) de l\u2019Utilisateur. En aucun cas Buztinaga.com ne sera responsable des pertes, dommages ou pr\u00e9judices de toute nature d\u00e9coulant de l\u2019acc\u00e8s, de la navigation et de l\u2019utilisation du Site, y compris, mais sans s\u2019y limiter, aux syst\u00e8mes informatiques ou \u00e0 ceux provoqu\u00e9s par l\u2019introduction de virus.<br\/>Buztinaga.com n\u2019est pas non plus responsable des dommages qui pourraient \u00eatre caus\u00e9s aux utilisateurs par une utilisation inappropri\u00e9e de ce site Web. En particulier, il n\u2019est en aucune fa\u00e7on responsable des chutes, interruptions, d\u00e9fauts ou d\u00e9fauts des t\u00e9l\u00e9communications qui pourraient se produire.<\/p>\n\n\n\n<p><\/p>\n\n\n\n<h2 class=\"wp-block-heading\">IV. PROPRI\u00c9T\u00c9 INTELLECTUELLE ET INDUSTRIELLE <\/h2>\n\n\n\n<p><\/p>\n\n\n\n<p>Buztinaga.com est titulaire de tous les droits de propri\u00e9t\u00e9 intellectuelle et industrielle du Site Web, ainsi que des \u00e9l\u00e9ments qu\u2019il contient (\u00e0 titre indicatif et non exhaustif, images, son, audio, vid\u00e9o, logiciels ou textes, marques ou logos, combinaisons de couleurs, structure et conception, s\u00e9lection de mat\u00e9riaux utilis\u00e9s, logiciels n\u00e9cessaires \u00e0 leur fonctionnement, acc\u00e8s et utilisation, etc.). Il s\u2019agira donc d\u2019\u0153uvres prot\u00e9g\u00e9es en tant que propri\u00e9t\u00e9 intellectuelle par l\u2019ordre juridique espagnol, la r\u00e9glementation espagnole et communautaire dans ce domaine \u00e9tant applicables, ainsi que les trait\u00e9s internationaux relatifs \u00e0 la mati\u00e8re et souscrits par l\u2019Espagne.<br\/>Tous droits r\u00e9serv\u00e9s. En vertu de la loi sur la propri\u00e9t\u00e9 intellectuelle, la reproduction, la distribution et la communication publique, y compris les modalit\u00e9s de mise \u00e0 disposition, de tout ou partie du contenu de ce site Web \u00e0 des fins commerciales, sont express\u00e9ment interdites, sur tout support et par tout moyen technique, sans l\u2019autorisation de Buztinaga.com<br\/>L\u2019Utilisateur s\u2019engage \u00e0 respecter les droits de propri\u00e9t\u00e9 intellectuelle et industrielle de Buztinaga.com Il pourra visualiser les \u00e9l\u00e9ments du Site Web ou m\u00eame les imprimer, les copier et les stocker sur le disque dur de votre ordinateur ou sur tout autre support physique, \u00e0 condition que ce soit exclusivement pour votre usage personnel. L\u2019Utilisateur ne peut cependant supprimer, modifier ou manipuler tout dispositif de protection ou syst\u00e8me de s\u00e9curit\u00e9 install\u00e9 sur le Site Web.<br\/>Si l\u2019Utilisateur ou un tiers estime que le Contenu du Site Web constitue une violation des droits de propri\u00e9t\u00e9 intellectuelle, vous devez le communiquer imm\u00e9diatement \u00e0 Buztinaga.com via les coordonn\u00e9es de la section INFORMATIONS G\u00c9N\u00c9RALES de cette Notice L\u00e9gale et Conditions G\u00e9n\u00e9rales d\u2019Utilisation.<\/p>\n\n\n\n<h2 class=\"wp-block-heading\">V. ACTIONS EN JUSTICE, DROIT APPLICABLE ET JURIDICTION<\/h2>\n\n\n\n<p><\/p>\n\n\n\n<p>Buztinaga.com se r\u00e9serve la facult\u00e9 de pr\u00e9senter les actions civiles ou p\u00e9nales qu\u2019elle juge n\u00e9cessaires pour l\u2019utilisation abusive du Site Web et du Contenu, ou pour le non-respect des pr\u00e9sentes Conditions.<br\/>La relation entre l\u2019utilisateur et Buztinaga.com sera r\u00e9gie par la r\u00e9glementation en vigueur et applicable sur le territoire espagnol.<\/p>\n\n<\/div>\n","protected":false},"excerpt":{"rendered":"<p> [&#8230;]<\/p>\n<p><a class=\"btn btn-secondary understrap-read-more-link\" href=\"https:\/\/buztinaga.com\/fr\/mentions-legales\/\">Read More&#8230;<span class=\"screen-reader-text\"> from Mentions l\u00e9gales<\/span><\/a><\/p>\n","protected":false},"author":2,"featured_media":0,"parent":0,"menu_order":0,"comment_status":"closed","ping_status":"closed","template":"page-templates\/fullwidthpage.php","meta":{"nf_dc_page":"","_monsterinsights_skip_tracking":false,"_monsterinsights_sitenote_active":false,"_monsterinsights_sitenote_note":"","_monsterinsights_sitenote_category":0,"footnotes":""},"class_list":["post-343","page","type-page","status-publish","hentry"],"yoast_head":"<!-- This site is optimized with the Yoast SEO plugin v27.4 - https:\/\/yoast.com\/product\/yoast-seo-wordpress\/ -->\n<title>Mentions l\u00e9gales - Buztinaga<\/title>\n<meta name=\"robots\" content=\"index, follow, max-snippet:-1, max-image-preview:large, max-video-preview:-1\" \/>\n<link rel=\"canonical\" href=\"https:\/\/buztinaga.com\/fr\/mentions-legales\/\" \/>\n<meta property=\"og:locale\" content=\"fr_FR\" \/>\n<meta property=\"og:type\" content=\"article\" \/>\n<meta property=\"og:title\" content=\"Mentions l\u00e9gales - Buztinaga\" \/>\n<meta property=\"og:description\" content=\"[...]Read More... from Mentions l\u00e9gales\" \/>\n<meta property=\"og:url\" content=\"https:\/\/buztinaga.com\/fr\/mentions-legales\/\" \/>\n<meta property=\"og:site_name\" content=\"Buztinaga\" \/>\n<meta property=\"article:modified_time\" content=\"2023-11-07T19:58:46+00:00\" \/>\n<meta property=\"og:image\" content=\"https:\/\/buztinaga.com\/wp-content\/uploads\/2023\/06\/DesignLogo200Siena.png\" \/>\n\t<meta property=\"og:image:width\" content=\"65\" \/>\n\t<meta property=\"og:image:height\" content=\"97\" \/>\n\t<meta property=\"og:image:type\" content=\"image\/png\" \/>\n<meta name=\"twitter:card\" content=\"summary_large_image\" \/>\n<meta name=\"twitter:label1\" content=\"Dur\u00e9e de lecture estim\u00e9e\" \/>\n\t<meta name=\"twitter:data1\" content=\"7 minutes\" \/>\n<script type=\"application\/ld+json\" class=\"yoast-schema-graph\">{\"@context\":\"https:\\\/\\\/schema.org\",\"@graph\":[{\"@type\":\"WebPage\",\"@id\":\"https:\\\/\\\/buztinaga.com\\\/fr\\\/mentions-legales\\\/\",\"url\":\"https:\\\/\\\/buztinaga.com\\\/fr\\\/mentions-legales\\\/\",\"name\":\"Mentions l\u00e9gales - Buztinaga\",\"isPartOf\":{\"@id\":\"https:\\\/\\\/buztinaga.com\\\/fr\\\/#website\"},\"datePublished\":\"2023-07-16T09:31:25+00:00\",\"dateModified\":\"2023-11-07T19:58:46+00:00\",\"breadcrumb\":{\"@id\":\"https:\\\/\\\/buztinaga.com\\\/fr\\\/mentions-legales\\\/#breadcrumb\"},\"inLanguage\":\"fr-FR\",\"potentialAction\":[{\"@type\":\"ReadAction\",\"target\":[\"https:\\\/\\\/buztinaga.com\\\/fr\\\/mentions-legales\\\/\"]}]},{\"@type\":\"BreadcrumbList\",\"@id\":\"https:\\\/\\\/buztinaga.com\\\/fr\\\/mentions-legales\\\/#breadcrumb\",\"itemListElement\":[{\"@type\":\"ListItem\",\"position\":1,\"name\":\"Home\",\"item\":\"https:\\\/\\\/buztinaga.com\\\/fr\\\/\"},{\"@type\":\"ListItem\",\"position\":2,\"name\":\"Mentions l\u00e9gales\"}]},{\"@type\":\"WebSite\",\"@id\":\"https:\\\/\\\/buztinaga.com\\\/fr\\\/#website\",\"url\":\"https:\\\/\\\/buztinaga.com\\\/fr\\\/\",\"name\":\"Buztinaga\",\"description\":\"Asociaci\u00f3n Buztinaga para la Cultura, Las Artes y el Bienestar\",\"publisher\":{\"@id\":\"https:\\\/\\\/buztinaga.com\\\/fr\\\/#organization\"},\"potentialAction\":[{\"@type\":\"SearchAction\",\"target\":{\"@type\":\"EntryPoint\",\"urlTemplate\":\"https:\\\/\\\/buztinaga.com\\\/fr\\\/?s={search_term_string}\"},\"query-input\":{\"@type\":\"PropertyValueSpecification\",\"valueRequired\":true,\"valueName\":\"search_term_string\"}}],\"inLanguage\":\"fr-FR\"},{\"@type\":\"Organization\",\"@id\":\"https:\\\/\\\/buztinaga.com\\\/fr\\\/#organization\",\"name\":\"Asociaci\u00f3n para la Cultura, las Artes y el Bienestar.\",\"url\":\"https:\\\/\\\/buztinaga.com\\\/fr\\\/\",\"logo\":{\"@type\":\"ImageObject\",\"inLanguage\":\"fr-FR\",\"@id\":\"https:\\\/\\\/buztinaga.com\\\/fr\\\/#\\\/schema\\\/logo\\\/image\\\/\",\"url\":\"https:\\\/\\\/buztinaga.com\\\/wp-content\\\/uploads\\\/2023\\\/06\\\/DesignLogo200Siena.png\",\"contentUrl\":\"https:\\\/\\\/buztinaga.com\\\/wp-content\\\/uploads\\\/2023\\\/06\\\/DesignLogo200Siena.png\",\"width\":65,\"height\":97,\"caption\":\"Asociaci\u00f3n para la Cultura, las Artes y el Bienestar.\"},\"image\":{\"@id\":\"https:\\\/\\\/buztinaga.com\\\/fr\\\/#\\\/schema\\\/logo\\\/image\\\/\"},\"sameAs\":[\"https:\\\/\\\/www.instagram.com\\\/hicsunt.dracon.es\\\/\"]}]}<\/script>\n<!-- \/ Yoast SEO plugin. -->","yoast_head_json":{"title":"Mentions l\u00e9gales - Buztinaga","robots":{"index":"index","follow":"follow","max-snippet":"max-snippet:-1","max-image-preview":"max-image-preview:large","max-video-preview":"max-video-preview:-1"},"canonical":"https:\/\/buztinaga.com\/fr\/mentions-legales\/","og_locale":"fr_FR","og_type":"article","og_title":"Mentions l\u00e9gales - Buztinaga","og_description":"[...]Read More... from Mentions l\u00e9gales","og_url":"https:\/\/buztinaga.com\/fr\/mentions-legales\/","og_site_name":"Buztinaga","article_modified_time":"2023-11-07T19:58:46+00:00","og_image":[{"width":65,"height":97,"url":"https:\/\/buztinaga.com\/wp-content\/uploads\/2023\/06\/DesignLogo200Siena.png","type":"image\/png"}],"twitter_card":"summary_large_image","twitter_misc":{"Dur\u00e9e de lecture estim\u00e9e":"7 minutes"},"schema":{"@context":"https:\/\/schema.org","@graph":[{"@type":"WebPage","@id":"https:\/\/buztinaga.com\/fr\/mentions-legales\/","url":"https:\/\/buztinaga.com\/fr\/mentions-legales\/","name":"Mentions l\u00e9gales - Buztinaga","isPartOf":{"@id":"https:\/\/buztinaga.com\/fr\/#website"},"datePublished":"2023-07-16T09:31:25+00:00","dateModified":"2023-11-07T19:58:46+00:00","breadcrumb":{"@id":"https:\/\/buztinaga.com\/fr\/mentions-legales\/#breadcrumb"},"inLanguage":"fr-FR","potentialAction":[{"@type":"ReadAction","target":["https:\/\/buztinaga.com\/fr\/mentions-legales\/"]}]},{"@type":"BreadcrumbList","@id":"https:\/\/buztinaga.com\/fr\/mentions-legales\/#breadcrumb","itemListElement":[{"@type":"ListItem","position":1,"name":"Home","item":"https:\/\/buztinaga.com\/fr\/"},{"@type":"ListItem","position":2,"name":"Mentions l\u00e9gales"}]},{"@type":"WebSite","@id":"https:\/\/buztinaga.com\/fr\/#website","url":"https:\/\/buztinaga.com\/fr\/","name":"Buztinaga","description":"Asociaci\u00f3n Buztinaga para la Cultura, Las Artes y el Bienestar","publisher":{"@id":"https:\/\/buztinaga.com\/fr\/#organization"},"potentialAction":[{"@type":"SearchAction","target":{"@type":"EntryPoint","urlTemplate":"https:\/\/buztinaga.com\/fr\/?s={search_term_string}"},"query-input":{"@type":"PropertyValueSpecification","valueRequired":true,"valueName":"search_term_string"}}],"inLanguage":"fr-FR"},{"@type":"Organization","@id":"https:\/\/buztinaga.com\/fr\/#organization","name":"Asociaci\u00f3n para la Cultura, las Artes y el Bienestar.","url":"https:\/\/buztinaga.com\/fr\/","logo":{"@type":"ImageObject","inLanguage":"fr-FR","@id":"https:\/\/buztinaga.com\/fr\/#\/schema\/logo\/image\/","url":"https:\/\/buztinaga.com\/wp-content\/uploads\/2023\/06\/DesignLogo200Siena.png","contentUrl":"https:\/\/buztinaga.com\/wp-content\/uploads\/2023\/06\/DesignLogo200Siena.png","width":65,"height":97,"caption":"Asociaci\u00f3n para la Cultura, las Artes y el Bienestar."},"image":{"@id":"https:\/\/buztinaga.com\/fr\/#\/schema\/logo\/image\/"},"sameAs":["https:\/\/www.instagram.com\/hicsunt.dracon.es\/"]}]}},"_links":{"self":[{"href":"https:\/\/buztinaga.com\/fr\/wp-json\/wp\/v2\/pages\/343","targetHints":{"allow":["GET"]}}],"collection":[{"href":"https:\/\/buztinaga.com\/fr\/wp-json\/wp\/v2\/pages"}],"about":[{"href":"https:\/\/buztinaga.com\/fr\/wp-json\/wp\/v2\/types\/page"}],"author":[{"embeddable":true,"href":"https:\/\/buztinaga.com\/fr\/wp-json\/wp\/v2\/users\/2"}],"replies":[{"embeddable":true,"href":"https:\/\/buztinaga.com\/fr\/wp-json\/wp\/v2\/comments?post=343"}],"version-history":[{"count":5,"href":"https:\/\/buztinaga.com\/fr\/wp-json\/wp\/v2\/pages\/343\/revisions"}],"predecessor-version":[{"id":1424,"href":"https:\/\/buztinaga.com\/fr\/wp-json\/wp\/v2\/pages\/343\/revisions\/1424"}],"wp:attachment":[{"href":"https:\/\/buztinaga.com\/fr\/wp-json\/wp\/v2\/media?parent=343"}],"curies":[{"name":"wp","href":"https:\/\/api.w.org\/{rel}","templated":true}]}}