{"id":606,"date":"2023-07-16T09:32:30","date_gmt":"2023-07-16T09:32:30","guid":{"rendered":"https:\/\/buztinaga.com\/politique-relative-aux-cookies\/"},"modified":"2023-09-15T16:24:55","modified_gmt":"2023-09-15T16:24:55","slug":"politique-relative-aux-cookies","status":"publish","type":"page","link":"https:\/\/buztinaga.com\/fr\/politique-relative-aux-cookies\/","title":{"rendered":"Politique relative aux cookies"},"content":{"rendered":"\n<p><\/p>\n\n<p>L\u2019acc\u00e8s \u00e0 ce site Web peut impliquer l\u2019utilisation de cookies. Les cookies sont de petites quantit\u00e9s d\u2019informations qui sont stock\u00e9es dans le navigateur utilis\u00e9 par chaque utilisateur -sur les diff\u00e9rents appareils que vous pouvez utiliser pour naviguer- pour que le serveur se souvienne de certaines informations que seul le serveur qui les a impl\u00e9ment\u00e9es lira. Les cookies facilitent la navigation, la rendent plus conviviale et n\u2019endommagent pas l\u2019appareil de navigation.<\/p>\n\n<p><br\/>Les cookies sont des proc\u00e9dures automatiques de collecte d\u2019informations relatives aux pr\u00e9f\u00e9rences d\u00e9termin\u00e9es par l\u2019Utilisateur lors de sa visite sur le Site Web afin de le reconna\u00eetre en tant qu\u2019Utilisateur, de personnaliser son exp\u00e9rience et son utilisation du Site Web, et peuvent \u00e9galement, par exemple, aider \u00e0 identifier et \u00e0 r\u00e9soudre les erreurs.<\/p>\n\n<p><br\/>Les informations collect\u00e9es par le biais des cookies peuvent inclure la date et l\u2019heure des visites du Site Web, les pages visionn\u00e9es, le temps pass\u00e9 sur le Site Web et les sites visit\u00e9s juste avant et apr\u00e8s celui-ci. Cependant, aucun cookie ne permet \u00e0 l\u2019utilisateur de contacter son num\u00e9ro de t\u00e9l\u00e9phone ou tout autre moyen de contact personnel. Aucun cookie ne peut extraire des informations du disque dur de l\u2019utilisateur ou voler des informations personnelles. La seule fa\u00e7on pour que les informations priv\u00e9es de l\u2019Utilisateur fassent partie du fichier Cookie est que l\u2019utilisateur donne personnellement ces informations au serveur.<\/p>\n\n<p><br\/>Les cookies permettant d\u2019identifier une personne sont consid\u00e9r\u00e9s comme des donn\u00e9es personnelles. Par cons\u00e9quent, la Politique de Confidentialit\u00e9 d\u00e9crite ci-dessus s\u2019appliquera \u00e0 elles. Dans ce sens, pour l\u2019utilisation de celles-ci sera n\u00e9cessaire le consentement de l\u2019Utilisateur. Ce consentement est communiqu\u00e9, sur la base d\u2019un choix authentique, offert par une d\u00e9cision affirmative et positive, avant le traitement initial, amovible et document\u00e9e.<br\/>Cookies internes<br\/>Ce sont les cookies qui sont envoy\u00e9s \u00e0 l\u2019ordinateur ou \u00e0 l\u2019appareil de l\u2019Utilisateur et g\u00e9r\u00e9s exclusivement par Buztinaga.com (propri\u00e9t\u00e9 Sonia Martin) pour le meilleur fonctionnement du Site Web. Les informations collect\u00e9es sont utilis\u00e9es pour am\u00e9liorer la qualit\u00e9 du Site Web et son Contenu et son exp\u00e9rience en tant qu\u2019Utilisateur. Ces cookies permettent de reconna\u00eetre l\u2019Utilisateur en tant que visiteur r\u00e9current du Site Web et d\u2019adapter le contenu afin de vous fournir des contenus qui correspondent \u00e0 vos pr\u00e9f\u00e9rences.<\/p>\n\n<h2 class=\"wp-block-heading\" id=\"h-cookies-de-terceros\"><br\/>Cookies de tierces parties<\/h2>\n\n<p><br\/>Il s\u2019agit de cookies utilis\u00e9s et g\u00e9r\u00e9s par des entit\u00e9s externes qui fournissent \u00e0 Buztinaga.com les services qu\u2019il demande pour am\u00e9liorer le Site Web et l\u2019exp\u00e9rience de navigation de l\u2019utilisateur sur le Site Web. Les principaux objectifs pour lesquels des cookies tiers sont utilis\u00e9s sont l\u2019obtention de statistiques d\u2019acc\u00e8s et l\u2019analyse des informations de navigation, c\u2019est-\u00e0-dire la fa\u00e7on dont l\u2019Utilisateur interagit avec le Site Web.<\/p>\n\n<p><br\/>Les informations obtenues concernent, par exemple, le nombre de pages visit\u00e9es, la langue, l\u2019adresse IP \u00e0 partir de laquelle l\u2019utilisateur acc\u00e8de, le nombre d\u2019utilisateurs acc\u00e9dant, la fr\u00e9quence et la r\u00e9cidive des visites, le temps de visite, le navigateur utilis\u00e9, l\u2019op\u00e9rateur ou le type d\u2019appareil \u00e0 partir duquel la visite est effectu\u00e9e. Ces informations sont utilis\u00e9es pour am\u00e9liorer le Site Web et identifier les nouveaux besoins afin d\u2019offrir aux Utilisateurs un Contenu et\/ou un service de qualit\u00e9 optimale. Dans tous les cas, les informations sont collect\u00e9es de mani\u00e8re anonyme et des rapports sur les tendances du site Web sont \u00e9tablis sans identifier les utilisateurs individuels.<\/p>\n\n<p><br\/>Vous pouvez en savoir plus sur les cookies, les informations sur la confidentialit\u00e9, ou consulter la description du type de cookies utilis\u00e9s, ses principales caract\u00e9ristiques, la p\u00e9riode d\u2019expiration, etc. dans le(s) suivant lien(s) :<br\/>Vous avez la possibilit\u00e9 d\u2019autoriser, de bloquer ou de supprimer les cookies install\u00e9s sur votre ordinateur en configurant les param\u00e8tres du navigateur install\u00e9 sur votre ordinateur. Lorsque vous d\u00e9sactivez les cookies, certains services disponibles peuvent ne plus \u00eatre op\u00e9rationnels. La fa\u00e7on de d\u00e9sactiver les cookies est diff\u00e9rente pour chaque navigateur, mais peut g\u00e9n\u00e9ralement \u00eatre fait \u00e0 partir du menu Outils ou Options. Vous pouvez \u00e9galement consulter le menu d\u2019aide du navigateur o\u00f9 vous pouvez trouver des instructions. L\u2019utilisateur peut \u00e0 tout moment choisir les cookies qu\u2019il souhaite voir fonctionner sur ce site.<\/p>\n\n<p><br\/>Vous pouvez autoriser, bloquer ou supprimer les cookies install\u00e9s sur votre ordinateur en configurant les options du navigateur install\u00e9 sur votre ordinateur :<br\/>\u2022 Microsoft Internet Explorer o Microsoft Edge.<br\/>\u2022 Mozilla Firefox.<br\/>\u2022 Chrome.<br\/>\u2022 Safari.<\/p>\n\n<h2 class=\"wp-block-heading\"><br\/>Cookies utilis\u00e9s dans :<br\/><br\/>Cookies de r\u00e9seaux sociaux<\/h2>\n\n<p><br\/>Buztinaga.com int\u00e8gre des plugins de r\u00e9seaux sociaux, qui permettent d\u2019y acc\u00e9der \u00e0 partir du site Web. Pour cette raison, les cookies de m\u00e9dias sociaux peuvent \u00eatre stock\u00e9s dans le navigateur de l\u2019utilisateur. Les propri\u00e9taires de ces r\u00e9seaux sociaux ont leurs propres politiques de protection des donn\u00e9es et de cookies, \u00e9tant eux-m\u00eames, dans chaque cas, responsables de leurs propres fichiers et de leurs propres pratiques de confidentialit\u00e9. L\u2019Utilisateur doit s\u2019y r\u00e9f\u00e9rer pour s\u2019informer de ces cookies et, le cas \u00e9ch\u00e9ant, du traitement de ses donn\u00e9es personnelles. \u00c0 titre d\u2019information seulement, les liens ci-dessous permettent de consulter ces politiques de confidentialit\u00e9 et\/ou de cookies :<\/p>\n\n<h2 class=\"wp-block-heading\">D\u00e9sactiver, refuser et supprimer les cookies<\/h2>\n\n<p><br\/>L\u2019Utilisateur peut d\u00e9sactiver, refuser et supprimer tout ou partie des cookies install\u00e9s sur son appareil en configurant son navigateur (par exemple Chrome, Firefox, Safari, Explorer). \u00c0 cet \u00e9gard, les proc\u00e9dures de refus et de suppression des cookies peuvent diff\u00e9rer d\u2019un navigateur Internet \u00e0 l\u2019autre. En cons\u00e9quence, l\u2019Utilisateur doit se r\u00e9f\u00e9rer aux instructions fournies par le navigateur Internet qu\u2019il utilise. Si vous refusez l\u2019utilisation de cookies, en tout ou en partie, vous pouvez continuer \u00e0 utiliser le site Web, mais vous pouvez limiter l\u2019utilisation de certaines de ses fonctionnalit\u00e9s.<br\/>Modification de la politique relative aux cookies<\/p>\n\n<p><br\/>Il est possible que la Politique de Cookies du Site Web change ou soit mise \u00e0 jour, c\u2019est pourquoi il est recommand\u00e9 que l\u2019Utilisateur revoie cette politique chaque fois qu\u2019il acc\u00e8de au Site Web afin d\u2019\u00eatre correctement inform\u00e9 sur comment et pourquoi nous utilisons les cookies.<\/p>\n\n<h2 class=\"wp-block-heading\">Politique de liens<\/h2>\n\n<p>Il est signal\u00e9 que le Site Web de Buztinaga.com met ou peut mettre \u00e0 la disposition des Utilisateurs des moyens de lien (tels que, entre autres, liens, banni\u00e8res, boutons), r\u00e9pertoires et moteurs de recherche qui permettent aux Utilisateurs d\u2019acc\u00e9der \u00e0 des sites Web appartenant et\/ou g\u00e9r\u00e9s par des tiers.<\/p>\n\n<p><br\/>L\u2019installation de ces liens, r\u00e9pertoires et moteurs de recherche sur le site Web vise \u00e0 faciliter la recherche et l\u2019acc\u00e8s des utilisateurs aux informations disponibles sur Internet, sans que cela puisse \u00eatre consid\u00e9r\u00e9 comme une suggestion, recommandation ou invitation pour la visite de ceux-ci.<\/p>\n\n<p><br\/>Buztinaga.com n\u2019offre ni ne commercialise par elle-m\u00eame ou par l\u2019interm\u00e9diaire de tiers les produits et\/ou services disponibles sur ces sites li\u00e9s.<\/p>\n\n<p><br\/>Il ne garantit pas non plus la disponibilit\u00e9 technique, l\u2019exactitude, la v\u00e9racit\u00e9, la validit\u00e9 ou la l\u00e9galit\u00e9 des sites non propri\u00e9taires auxquels les liens permettent d\u2019acc\u00e9der.<br\/>Buztinaga.com ne v\u00e9rifiera ni ne contr\u00f4lera en aucun cas le contenu d\u2019autres sites Web, pas plus qu\u2019il n\u2019approuve, n\u2019examine ou n\u2019approprie les produits et services, contenus, fichiers et tout autre mat\u00e9riel existant sur ces sites li\u00e9s.<\/p>\n\n<p><br\/>Buztinaga.com n\u2019assume aucune responsabilit\u00e9 pour les dommages qui pourraient survenir en raison de l\u2019acc\u00e8s, l\u2019utilisation, la qualit\u00e9 ou la lic\u00e9it\u00e9 des contenus, des communications, des opinions, produits et services des sites Web non g\u00e9r\u00e9s par Buztinaga.com et li\u00e9s sur ce site Web.<\/p>\n\n<p><br\/>L\u2019Utilisateur ou un tiers qui \u00e9tablit un lien hypertexte \u00e0 partir d\u2019une page Web d\u2019un autre site Web au site Web de Buztinaga.com doit savoir que :<\/p>\n\n<ul class=\"wp-block-list\">\n<li>La reproduction de tout ou partie du contenu et\/ou des services du site Web est interdite sans l\u2019autorisation expresse de Www.bufetefsl.com<\/li>\n\n\n\n<li>Aucune d\u00e9claration fausse, inexacte ou incorrecte sur le Site Web de Buztinaga.com ou sur le Contenu et\/ou les Services de celui-ci n\u2019est autoris\u00e9e.<\/li>\n\n\n\n<li>\u00c0 l\u2019exception de l\u2019hyperlien, le site Web sur lequel cet hyperlien est \u00e9tabli ne contiendra aucun \u00e9l\u00e9ment, de ce Site Web, prot\u00e9g\u00e9 en tant que propri\u00e9t\u00e9 intellectuelle par le syst\u00e8me juridique espagnol, sauf autorisation expresse de Www.bufetefsl.com<\/li>\n<\/ul>\n\n<p><br\/>L\u2019\u00e9tablissement de l\u2019hyperlien n\u2019implique pas l\u2019existence de relations entre Buztinaga.comy et le titulaire du site Web \u00e0 partir duquel il est r\u00e9alis\u00e9, ni la connaissance et l\u2019acceptation par Buztinaga.com des contenus, services et\/ou activit\u00e9s offerts sur ce site, et vice versa.<\/p>\n","protected":false},"excerpt":{"rendered":"<p>L\u2019acc\u00e8s \u00e0 ce site Web peut impliquer l\u2019utilisation de cookies. Les cookies sont de petites quantit\u00e9s d\u2019informations qui sont stock\u00e9es dans le navigateur utilis\u00e9 par chaque utilisateur -sur les diff\u00e9rents [&#8230;]<\/p>\n<p><a class=\"btn btn-secondary understrap-read-more-link\" href=\"https:\/\/buztinaga.com\/fr\/politique-relative-aux-cookies\/\">Read More&#8230;<span class=\"screen-reader-text\"> from Politique relative aux cookies<\/span><\/a><\/p>\n","protected":false},"author":2,"featured_media":0,"parent":0,"menu_order":0,"comment_status":"closed","ping_status":"closed","template":"page-templates\/fullwidthpage.php","meta":{"nf_dc_page":"","_monsterinsights_skip_tracking":false,"_monsterinsights_sitenote_active":false,"_monsterinsights_sitenote_note":"","_monsterinsights_sitenote_category":0,"footnotes":""},"class_list":["post-606","page","type-page","status-publish","hentry"],"yoast_head":"<!-- This site is optimized with the Yoast SEO plugin v27.4 - https:\/\/yoast.com\/product\/yoast-seo-wordpress\/ -->\n<title>Politique relative aux cookies - Buztinaga<\/title>\n<meta name=\"robots\" content=\"index, follow, max-snippet:-1, max-image-preview:large, max-video-preview:-1\" \/>\n<link rel=\"canonical\" href=\"https:\/\/buztinaga.com\/fr\/politique-relative-aux-cookies\/\" \/>\n<meta property=\"og:locale\" content=\"fr_FR\" \/>\n<meta property=\"og:type\" content=\"article\" \/>\n<meta property=\"og:title\" content=\"Politique relative aux cookies - Buztinaga\" \/>\n<meta property=\"og:description\" content=\"L\u2019acc\u00e8s \u00e0 ce site Web peut impliquer l\u2019utilisation de cookies. Les cookies sont de petites quantit\u00e9s d\u2019informations qui sont stock\u00e9es dans le navigateur utilis\u00e9 par chaque utilisateur -sur les diff\u00e9rents [...]Read More... from Politique relative aux cookies\" \/>\n<meta property=\"og:url\" content=\"https:\/\/buztinaga.com\/fr\/politique-relative-aux-cookies\/\" \/>\n<meta property=\"og:site_name\" content=\"Buztinaga\" \/>\n<meta property=\"article:modified_time\" content=\"2023-09-15T16:24:55+00:00\" \/>\n<meta property=\"og:image\" content=\"https:\/\/buztinaga.com\/wp-content\/uploads\/2023\/06\/DesignLogo200Siena.png\" \/>\n\t<meta property=\"og:image:width\" content=\"65\" \/>\n\t<meta property=\"og:image:height\" content=\"97\" \/>\n\t<meta property=\"og:image:type\" content=\"image\/png\" \/>\n<meta name=\"twitter:card\" content=\"summary_large_image\" \/>\n<meta name=\"twitter:label1\" content=\"Dur\u00e9e de lecture estim\u00e9e\" \/>\n\t<meta name=\"twitter:data1\" content=\"8 minutes\" \/>\n<script type=\"application\/ld+json\" class=\"yoast-schema-graph\">{\"@context\":\"https:\\\/\\\/schema.org\",\"@graph\":[{\"@type\":\"WebPage\",\"@id\":\"https:\\\/\\\/buztinaga.com\\\/fr\\\/politique-relative-aux-cookies\\\/\",\"url\":\"https:\\\/\\\/buztinaga.com\\\/fr\\\/politique-relative-aux-cookies\\\/\",\"name\":\"Politique relative aux cookies - Buztinaga\",\"isPartOf\":{\"@id\":\"https:\\\/\\\/buztinaga.com\\\/fr\\\/#website\"},\"datePublished\":\"2023-07-16T09:32:30+00:00\",\"dateModified\":\"2023-09-15T16:24:55+00:00\",\"breadcrumb\":{\"@id\":\"https:\\\/\\\/buztinaga.com\\\/fr\\\/politique-relative-aux-cookies\\\/#breadcrumb\"},\"inLanguage\":\"fr-FR\",\"potentialAction\":[{\"@type\":\"ReadAction\",\"target\":[\"https:\\\/\\\/buztinaga.com\\\/fr\\\/politique-relative-aux-cookies\\\/\"]}]},{\"@type\":\"BreadcrumbList\",\"@id\":\"https:\\\/\\\/buztinaga.com\\\/fr\\\/politique-relative-aux-cookies\\\/#breadcrumb\",\"itemListElement\":[{\"@type\":\"ListItem\",\"position\":1,\"name\":\"Home\",\"item\":\"https:\\\/\\\/buztinaga.com\\\/fr\\\/\"},{\"@type\":\"ListItem\",\"position\":2,\"name\":\"Politique relative aux cookies\"}]},{\"@type\":\"WebSite\",\"@id\":\"https:\\\/\\\/buztinaga.com\\\/fr\\\/#website\",\"url\":\"https:\\\/\\\/buztinaga.com\\\/fr\\\/\",\"name\":\"Buztinaga\",\"description\":\"Asociaci\u00f3n Buztinaga para la Cultura, Las Artes y el Bienestar\",\"publisher\":{\"@id\":\"https:\\\/\\\/buztinaga.com\\\/fr\\\/#organization\"},\"potentialAction\":[{\"@type\":\"SearchAction\",\"target\":{\"@type\":\"EntryPoint\",\"urlTemplate\":\"https:\\\/\\\/buztinaga.com\\\/fr\\\/?s={search_term_string}\"},\"query-input\":{\"@type\":\"PropertyValueSpecification\",\"valueRequired\":true,\"valueName\":\"search_term_string\"}}],\"inLanguage\":\"fr-FR\"},{\"@type\":\"Organization\",\"@id\":\"https:\\\/\\\/buztinaga.com\\\/fr\\\/#organization\",\"name\":\"Asociaci\u00f3n para la Cultura, las Artes y el Bienestar.\",\"url\":\"https:\\\/\\\/buztinaga.com\\\/fr\\\/\",\"logo\":{\"@type\":\"ImageObject\",\"inLanguage\":\"fr-FR\",\"@id\":\"https:\\\/\\\/buztinaga.com\\\/fr\\\/#\\\/schema\\\/logo\\\/image\\\/\",\"url\":\"https:\\\/\\\/buztinaga.com\\\/wp-content\\\/uploads\\\/2023\\\/06\\\/DesignLogo200Siena.png\",\"contentUrl\":\"https:\\\/\\\/buztinaga.com\\\/wp-content\\\/uploads\\\/2023\\\/06\\\/DesignLogo200Siena.png\",\"width\":65,\"height\":97,\"caption\":\"Asociaci\u00f3n para la Cultura, las Artes y el Bienestar.\"},\"image\":{\"@id\":\"https:\\\/\\\/buztinaga.com\\\/fr\\\/#\\\/schema\\\/logo\\\/image\\\/\"},\"sameAs\":[\"https:\\\/\\\/www.instagram.com\\\/hicsunt.dracon.es\\\/\"]}]}<\/script>\n<!-- \/ Yoast SEO plugin. -->","yoast_head_json":{"title":"Politique relative aux cookies - Buztinaga","robots":{"index":"index","follow":"follow","max-snippet":"max-snippet:-1","max-image-preview":"max-image-preview:large","max-video-preview":"max-video-preview:-1"},"canonical":"https:\/\/buztinaga.com\/fr\/politique-relative-aux-cookies\/","og_locale":"fr_FR","og_type":"article","og_title":"Politique relative aux cookies - Buztinaga","og_description":"L\u2019acc\u00e8s \u00e0 ce site Web peut impliquer l\u2019utilisation de cookies. Les cookies sont de petites quantit\u00e9s d\u2019informations qui sont stock\u00e9es dans le navigateur utilis\u00e9 par chaque utilisateur -sur les diff\u00e9rents [...]Read More... from Politique relative aux cookies","og_url":"https:\/\/buztinaga.com\/fr\/politique-relative-aux-cookies\/","og_site_name":"Buztinaga","article_modified_time":"2023-09-15T16:24:55+00:00","og_image":[{"width":65,"height":97,"url":"https:\/\/buztinaga.com\/wp-content\/uploads\/2023\/06\/DesignLogo200Siena.png","type":"image\/png"}],"twitter_card":"summary_large_image","twitter_misc":{"Dur\u00e9e de lecture estim\u00e9e":"8 minutes"},"schema":{"@context":"https:\/\/schema.org","@graph":[{"@type":"WebPage","@id":"https:\/\/buztinaga.com\/fr\/politique-relative-aux-cookies\/","url":"https:\/\/buztinaga.com\/fr\/politique-relative-aux-cookies\/","name":"Politique relative aux cookies - Buztinaga","isPartOf":{"@id":"https:\/\/buztinaga.com\/fr\/#website"},"datePublished":"2023-07-16T09:32:30+00:00","dateModified":"2023-09-15T16:24:55+00:00","breadcrumb":{"@id":"https:\/\/buztinaga.com\/fr\/politique-relative-aux-cookies\/#breadcrumb"},"inLanguage":"fr-FR","potentialAction":[{"@type":"ReadAction","target":["https:\/\/buztinaga.com\/fr\/politique-relative-aux-cookies\/"]}]},{"@type":"BreadcrumbList","@id":"https:\/\/buztinaga.com\/fr\/politique-relative-aux-cookies\/#breadcrumb","itemListElement":[{"@type":"ListItem","position":1,"name":"Home","item":"https:\/\/buztinaga.com\/fr\/"},{"@type":"ListItem","position":2,"name":"Politique relative aux cookies"}]},{"@type":"WebSite","@id":"https:\/\/buztinaga.com\/fr\/#website","url":"https:\/\/buztinaga.com\/fr\/","name":"Buztinaga","description":"Asociaci\u00f3n Buztinaga para la Cultura, Las Artes y el Bienestar","publisher":{"@id":"https:\/\/buztinaga.com\/fr\/#organization"},"potentialAction":[{"@type":"SearchAction","target":{"@type":"EntryPoint","urlTemplate":"https:\/\/buztinaga.com\/fr\/?s={search_term_string}"},"query-input":{"@type":"PropertyValueSpecification","valueRequired":true,"valueName":"search_term_string"}}],"inLanguage":"fr-FR"},{"@type":"Organization","@id":"https:\/\/buztinaga.com\/fr\/#organization","name":"Asociaci\u00f3n para la Cultura, las Artes y el Bienestar.","url":"https:\/\/buztinaga.com\/fr\/","logo":{"@type":"ImageObject","inLanguage":"fr-FR","@id":"https:\/\/buztinaga.com\/fr\/#\/schema\/logo\/image\/","url":"https:\/\/buztinaga.com\/wp-content\/uploads\/2023\/06\/DesignLogo200Siena.png","contentUrl":"https:\/\/buztinaga.com\/wp-content\/uploads\/2023\/06\/DesignLogo200Siena.png","width":65,"height":97,"caption":"Asociaci\u00f3n para la Cultura, las Artes y el Bienestar."},"image":{"@id":"https:\/\/buztinaga.com\/fr\/#\/schema\/logo\/image\/"},"sameAs":["https:\/\/www.instagram.com\/hicsunt.dracon.es\/"]}]}},"_links":{"self":[{"href":"https:\/\/buztinaga.com\/fr\/wp-json\/wp\/v2\/pages\/606","targetHints":{"allow":["GET"]}}],"collection":[{"href":"https:\/\/buztinaga.com\/fr\/wp-json\/wp\/v2\/pages"}],"about":[{"href":"https:\/\/buztinaga.com\/fr\/wp-json\/wp\/v2\/types\/page"}],"author":[{"embeddable":true,"href":"https:\/\/buztinaga.com\/fr\/wp-json\/wp\/v2\/users\/2"}],"replies":[{"embeddable":true,"href":"https:\/\/buztinaga.com\/fr\/wp-json\/wp\/v2\/comments?post=606"}],"version-history":[{"count":1,"href":"https:\/\/buztinaga.com\/fr\/wp-json\/wp\/v2\/pages\/606\/revisions"}],"predecessor-version":[{"id":607,"href":"https:\/\/buztinaga.com\/fr\/wp-json\/wp\/v2\/pages\/606\/revisions\/607"}],"wp:attachment":[{"href":"https:\/\/buztinaga.com\/fr\/wp-json\/wp\/v2\/media?parent=606"}],"curies":[{"name":"wp","href":"https:\/\/api.w.org\/{rel}","templated":true}]}}